{"id":1194,"date":"2025-12-19T16:17:31","date_gmt":"2025-12-19T15:17:31","guid":{"rendered":"https:\/\/www.ostseeferienparkseepferdchen.de\/?page_id=1194"},"modified":"2026-02-05T15:31:50","modified_gmt":"2026-02-05T14:31:50","slug":"fragen-antworten","status":"publish","type":"page","link":"https:\/\/www.ostseeferienparkseepferdchen.de\/de\/gaesteservice\/fragen-antworten\/","title":{"rendered":"Fragen und Antworten"},"content":{"rendered":"\t\t<div data-elementor-type=\"wp-page\" data-elementor-id=\"1194\" class=\"elementor elementor-1194\" data-elementor-post-type=\"page\">\n\t\t\t\t<div class=\"elementor-element elementor-element-f70bb49 e-flex e-con-boxed e-con e-parent\" data-id=\"f70bb49\" data-element_type=\"container\" data-e-type=\"container\">\n\t\t\t\t\t<div class=\"e-con-inner\">\n\t\t\t\t<div class=\"elementor-element elementor-element-768742a elementor-widget elementor-widget-heading\" data-id=\"768742a\" data-element_type=\"widget\" data-e-type=\"widget\" data-widget_type=\"heading.default\">\n\t\t\t\t\t<h1 class=\"elementor-heading-title elementor-size-default\">Fragen und Antworten<\/h1>\t\t\t\t<\/div>\n\t\t\t\t<div class=\"elementor-element elementor-element-1504cf2 elementor-widget elementor-widget-heading\" data-id=\"1504cf2\" data-element_type=\"widget\" data-e-type=\"widget\" data-widget_type=\"heading.default\">\n\t\t\t\t\t<h2 class=\"elementor-heading-title elementor-size-default\">Wie k\u00f6nnen wir Ihnen weiterhelfen?<\/h2>\t\t\t\t<\/div>\n\t\t\t\t<div class=\"elementor-element elementor-element-8e4355d elementor-widget-mobile__width-inherit elementor-widget-tablet__width-inherit elementor-widget__width-initial elementor-widget elementor-widget-text-editor\" data-id=\"8e4355d\" data-element_type=\"widget\" data-e-type=\"widget\" data-widget_type=\"text-editor.default\">\n\t\t\t\t\t\t\t\t\t<p>Lorem ipsum dolor sit amet, consetetur sadipscing elitr, sed diam nonumy eirmod tempor invidunt ut labore et dolore magna aliquyam erat, sed diam voluptua. At vero eos et accusam et justo duo dolores et ea rebum.<\/p>\t\t\t\t\t\t\t\t<\/div>\n\t\t\t\t<div class=\"elementor-element elementor-element-490c4727 elementor-widget elementor-widget-n-accordion\" data-id=\"490c4727\" data-element_type=\"widget\" data-e-type=\"widget\" data-settings=\"{&quot;n_accordion_animation_duration&quot;:{&quot;unit&quot;:&quot;ms&quot;,&quot;size&quot;:300,&quot;sizes&quot;:[]},&quot;default_state&quot;:&quot;expanded&quot;,&quot;max_items_expended&quot;:&quot;one&quot;}\" data-widget_type=\"nested-accordion.default\">\n\t\t\t\t\t\t\t<div class=\"e-n-accordion\" aria-label=\"Accordion. Open links with Enter or Space, close with Escape, and navigate with Arrow Keys\">\n\t\t\t\t\t\t<details id=\"e-n-accordion-item-1220\" class=\"e-n-accordion-item\" open>\n\t\t\t\t<summary class=\"e-n-accordion-item-title\" data-accordion-index=\"1\" tabindex=\"0\" aria-expanded=\"true\" aria-controls=\"e-n-accordion-item-1220\" >\n\t\t\t\t\t<span class='e-n-accordion-item-title-header'><div class=\"e-n-accordion-item-title-text\"> Anreise  <\/div><\/span>\n\t\t\t\t\t\t\t<span class='e-n-accordion-item-title-icon'>\n\t\t\t<span class='e-opened' ><\/span>\n\t\t\t<span class='e-closed'><svg xmlns=\"http:\/\/www.w3.org\/2000\/svg\" width=\"36\" height=\"36\" viewBox=\"0 0 36 36\" fill=\"none\"><circle cx=\"18\" cy=\"18\" r=\"18\" transform=\"matrix(0 -1 -1 0 36 36)\" fill=\"#00558C\"><\/circle><path d=\"M23 16.71L17.5445 22L12.43 16.71\" stroke=\"white\" stroke-width=\"1.5\"><\/path><\/svg><\/span>\n\t\t<\/span>\n\n\t\t\t\t\t\t<\/summary>\n\t\t\t\t<div role=\"region\" aria-labelledby=\"e-n-accordion-item-1220\" class=\"elementor-element elementor-element-75d5202b e-con-full e-flex e-con e-child\" data-id=\"75d5202b\" data-element_type=\"container\" data-e-type=\"container\">\n\t\t\t\t<div class=\"elementor-element elementor-element-68e1b3e3 elementor-widget elementor-widget-text-editor\" data-id=\"68e1b3e3\" data-element_type=\"widget\" data-e-type=\"widget\" data-widget_type=\"text-editor.default\">\n\t\t\t\t\t\t\t\t\t<p>Die Anreise im Ferienpark kann ab ca. 12:00 Uhr erfolgen. Sie k\u00f6nnen dann schon Ihre Schl\u00fcssel holen und das Auto auf dem Stellplatz abstellen. Wir garantieren ab 16:00 Uhr den Zutritt zum Haus. Sollte Ihr Haus schon vor 16:00 Uhr bezugsfertig sein, werden Sie von unserem Rezeptionspersonal dar\u00fcber informiert.<\/p><p>Die Vollst\u00e4ndigkeit und Unversehrtheit des Inventars ist bei Anreise zu pr\u00fcfen. Bei bestehenden M\u00e4ngeln bitte umgehend die Rezeption informieren.<\/p>\t\t\t\t\t\t\t\t<\/div>\n\t\t\t\t<\/div>\n\t\t\t\t\t<\/details>\n\t\t\t\t\t\t<details id=\"e-n-accordion-item-1221\" class=\"e-n-accordion-item\" >\n\t\t\t\t<summary class=\"e-n-accordion-item-title\" data-accordion-index=\"2\" tabindex=\"-1\" aria-expanded=\"false\" aria-controls=\"e-n-accordion-item-1221\" >\n\t\t\t\t\t<span class='e-n-accordion-item-title-header'><div class=\"e-n-accordion-item-title-text\"> Abreise  <\/div><\/span>\n\t\t\t\t\t\t\t<span class='e-n-accordion-item-title-icon'>\n\t\t\t<span class='e-opened' ><\/span>\n\t\t\t<span class='e-closed'><svg xmlns=\"http:\/\/www.w3.org\/2000\/svg\" width=\"36\" height=\"36\" viewBox=\"0 0 36 36\" fill=\"none\"><circle cx=\"18\" cy=\"18\" r=\"18\" transform=\"matrix(0 -1 -1 0 36 36)\" fill=\"#00558C\"><\/circle><path d=\"M23 16.71L17.5445 22L12.43 16.71\" stroke=\"white\" stroke-width=\"1.5\"><\/path><\/svg><\/span>\n\t\t<\/span>\n\n\t\t\t\t\t\t<\/summary>\n\t\t\t\t<div role=\"region\" aria-labelledby=\"e-n-accordion-item-1221\" class=\"elementor-element elementor-element-f24ca49 e-con-full e-flex e-con e-child\" data-id=\"f24ca49\" data-element_type=\"container\" data-e-type=\"container\">\n\t\t\t\t<div class=\"elementor-element elementor-element-bac6eea elementor-widget elementor-widget-text-editor\" data-id=\"bac6eea\" data-element_type=\"widget\" data-e-type=\"widget\" data-widget_type=\"text-editor.default\">\n\t\t\t\t\t\t\t\t\t<p>Die Anreise im Ferienpark kann ab ca. 12:00 Uhr erfolgen. Sie k\u00f6nnen dann schon Ihre Schl\u00fcssel holen und das Auto auf dem Stellplatz abstellen. Wir garantieren ab 16:00 Uhr den Zutritt zum Haus. Sollte Ihr Haus schon vor 16:00 Uhr bezugsfertig sein, werden Sie von unserem Rezeptionspersonal dar\u00fcber informiert.<\/p><p>Die Vollst\u00e4ndigkeit und Unversehrtheit des Inventars ist bei Anreise zu pr\u00fcfen. Bei bestehenden M\u00e4ngeln bitte umgehend die Rezeption informieren.<\/p>\t\t\t\t\t\t\t\t<\/div>\n\t\t\t\t<\/div>\n\t\t\t\t\t<\/details>\n\t\t\t\t\t<\/div>\n\t\t\t\t\t\t<\/div>\n\t\t\t\t\t<\/div>\n\t\t\t\t<\/div>\n\t\t\t\t<\/div>\n\t\t","protected":false},"excerpt":{"rendered":"<p>Fragen und Antworten Wie k\u00f6nnen wir Ihnen weiterhelfen? Lorem ipsum dolor sit amet, consetetur sadipscing elitr, sed diam nonumy eirmod tempor invidunt ut labore et dolore magna aliquyam erat, sed diam voluptua. At vero eos et accusam et justo duo dolores et ea rebum. Anreise Die Anreise im Ferienpark kann ab ca. 12:00 Uhr erfolgen. [&hellip;]<\/p>\n","protected":false},"author":1,"featured_media":2111,"parent":1196,"menu_order":0,"comment_status":"closed","ping_status":"closed","template":"","meta":{"_acf_changed":false,"footnotes":""},"seitenart":[],"class_list":["post-1194","page","type-page","status-publish","has-post-thumbnail","hentry"],"acf":[],"yoast_head":"<!-- This site is optimized with the Yoast SEO plugin v27.3 - https:\/\/yoast.com\/product\/yoast-seo-wordpress\/ -->\n<title>Fragen und Antworten - Ostseeferienpark Seepferdchen<\/title>\n<meta name=\"description\" content=\"Wie k\u00f6nnen wir Ihnen weiterhelfen? Alle Informationen \u00fcber An und Abreise oder Schl\u00fcssel\u00fcbergabe usw. finden Sie hier\" \/>\n<meta name=\"robots\" content=\"index, follow, max-snippet:-1, max-image-preview:large, max-video-preview:-1\" \/>\n<link rel=\"canonical\" href=\"https:\/\/www.ostseeferienparkseepferdchen.de\/de\/gaesteservice\/fragen-antworten\/\" \/>\n<meta property=\"og:locale\" content=\"de_DE\" \/>\n<meta property=\"og:type\" content=\"article\" \/>\n<meta property=\"og:title\" content=\"Fragen und Antworten - Ostseeferienpark Seepferdchen\" \/>\n<meta property=\"og:description\" content=\"Wie k\u00f6nnen wir Ihnen weiterhelfen? Alle Informationen \u00fcber An und Abreise oder Schl\u00fcssel\u00fcbergabe usw. finden Sie hier\" \/>\n<meta property=\"og:url\" content=\"https:\/\/www.ostseeferienparkseepferdchen.de\/de\/gaesteservice\/fragen-antworten\/\" \/>\n<meta property=\"og:site_name\" content=\"Ostseeferienpark Seepferdchen\" \/>\n<meta property=\"article:modified_time\" content=\"2026-02-05T14:31:50+00:00\" \/>\n<meta property=\"og:image\" content=\"https:\/\/www.ostseeferienparkseepferdchen.de\/wp-content\/uploads\/2026\/02\/FragenAntworten.jpg\" \/>\n\t<meta property=\"og:image:width\" content=\"1920\" \/>\n\t<meta property=\"og:image:height\" content=\"800\" \/>\n\t<meta property=\"og:image:type\" content=\"image\/jpeg\" \/>\n<meta name=\"twitter:card\" content=\"summary_large_image\" \/>\n<meta name=\"twitter:label1\" content=\"Gesch\u00e4tzte Lesezeit\" \/>\n\t<meta name=\"twitter:data1\" content=\"2\u00a0Minuten\" \/>\n<script type=\"application\/ld+json\" class=\"yoast-schema-graph\">{\"@context\":\"https:\\\/\\\/schema.org\",\"@graph\":[{\"@type\":\"WebPage\",\"@id\":\"https:\\\/\\\/www.ostseeferienparkseepferdchen.de\\\/de\\\/gaesteservice\\\/fragen-antworten\\\/\",\"url\":\"https:\\\/\\\/www.ostseeferienparkseepferdchen.de\\\/de\\\/gaesteservice\\\/fragen-antworten\\\/\",\"name\":\"Fragen und Antworten - Ostseeferienpark Seepferdchen\",\"isPartOf\":{\"@id\":\"https:\\\/\\\/www.ostseeferienparkseepferdchen.de\\\/de\\\/#website\"},\"primaryImageOfPage\":{\"@id\":\"https:\\\/\\\/www.ostseeferienparkseepferdchen.de\\\/de\\\/gaesteservice\\\/fragen-antworten\\\/#primaryimage\"},\"image\":{\"@id\":\"https:\\\/\\\/www.ostseeferienparkseepferdchen.de\\\/de\\\/gaesteservice\\\/fragen-antworten\\\/#primaryimage\"},\"thumbnailUrl\":\"https:\\\/\\\/www.ostseeferienparkseepferdchen.de\\\/wp-content\\\/uploads\\\/2026\\\/02\\\/FragenAntworten.jpg\",\"datePublished\":\"2025-12-19T15:17:31+00:00\",\"dateModified\":\"2026-02-05T14:31:50+00:00\",\"description\":\"Wie k\u00f6nnen wir Ihnen weiterhelfen? Alle Informationen \u00fcber An und Abreise oder Schl\u00fcssel\u00fcbergabe usw. finden Sie hier\",\"breadcrumb\":{\"@id\":\"https:\\\/\\\/www.ostseeferienparkseepferdchen.de\\\/de\\\/gaesteservice\\\/fragen-antworten\\\/#breadcrumb\"},\"inLanguage\":\"de\",\"potentialAction\":[{\"@type\":\"ReadAction\",\"target\":[\"https:\\\/\\\/www.ostseeferienparkseepferdchen.de\\\/de\\\/gaesteservice\\\/fragen-antworten\\\/\"]}]},{\"@type\":\"ImageObject\",\"inLanguage\":\"de\",\"@id\":\"https:\\\/\\\/www.ostseeferienparkseepferdchen.de\\\/de\\\/gaesteservice\\\/fragen-antworten\\\/#primaryimage\",\"url\":\"https:\\\/\\\/www.ostseeferienparkseepferdchen.de\\\/wp-content\\\/uploads\\\/2026\\\/02\\\/FragenAntworten.jpg\",\"contentUrl\":\"https:\\\/\\\/www.ostseeferienparkseepferdchen.de\\\/wp-content\\\/uploads\\\/2026\\\/02\\\/FragenAntworten.jpg\",\"width\":1920,\"height\":800},{\"@type\":\"BreadcrumbList\",\"@id\":\"https:\\\/\\\/www.ostseeferienparkseepferdchen.de\\\/de\\\/gaesteservice\\\/fragen-antworten\\\/#breadcrumb\",\"itemListElement\":[{\"@type\":\"ListItem\",\"position\":1,\"name\":\"Start\",\"item\":\"https:\\\/\\\/www.ostseeferienparkseepferdchen.de\\\/de\\\/\"},{\"@type\":\"ListItem\",\"position\":2,\"name\":\"G\u00e4steservice\",\"item\":\"https:\\\/\\\/www.ostseeferienparkseepferdchen.de\\\/de\\\/gaesteservice\\\/\"},{\"@type\":\"ListItem\",\"position\":3,\"name\":\"Fragen und Antworten\"}]},{\"@type\":\"WebSite\",\"@id\":\"https:\\\/\\\/www.ostseeferienparkseepferdchen.de\\\/de\\\/#website\",\"url\":\"https:\\\/\\\/www.ostseeferienparkseepferdchen.de\\\/de\\\/\",\"name\":\"Ostseeferienpark Seepferdchen\",\"description\":\"\",\"publisher\":{\"@id\":\"https:\\\/\\\/www.ostseeferienparkseepferdchen.de\\\/de\\\/#organization\"},\"potentialAction\":[{\"@type\":\"SearchAction\",\"target\":{\"@type\":\"EntryPoint\",\"urlTemplate\":\"https:\\\/\\\/www.ostseeferienparkseepferdchen.de\\\/de\\\/?s={search_term_string}\"},\"query-input\":{\"@type\":\"PropertyValueSpecification\",\"valueRequired\":true,\"valueName\":\"search_term_string\"}}],\"inLanguage\":\"de\"},{\"@type\":\"Organization\",\"@id\":\"https:\\\/\\\/www.ostseeferienparkseepferdchen.de\\\/de\\\/#organization\",\"name\":\"Ostseeferienpark Seepferdchen\",\"url\":\"https:\\\/\\\/www.ostseeferienparkseepferdchen.de\\\/de\\\/\",\"logo\":{\"@type\":\"ImageObject\",\"inLanguage\":\"de\",\"@id\":\"https:\\\/\\\/www.ostseeferienparkseepferdchen.de\\\/de\\\/#\\\/schema\\\/logo\\\/image\\\/\",\"url\":\"https:\\\/\\\/www.ostseeferienparkseepferdchen.de\\\/wp-content\\\/uploads\\\/2025\\\/12\\\/Logo_OFPS-rgb-1.svg\",\"contentUrl\":\"https:\\\/\\\/www.ostseeferienparkseepferdchen.de\\\/wp-content\\\/uploads\\\/2025\\\/12\\\/Logo_OFPS-rgb-1.svg\",\"caption\":\"Ostseeferienpark Seepferdchen\"},\"image\":{\"@id\":\"https:\\\/\\\/www.ostseeferienparkseepferdchen.de\\\/de\\\/#\\\/schema\\\/logo\\\/image\\\/\"}}]}<\/script>\n<!-- \/ Yoast SEO plugin. -->","yoast_head_json":{"title":"Fragen und Antworten - Ostseeferienpark Seepferdchen","description":"Wie k\u00f6nnen wir Ihnen weiterhelfen? Alle Informationen \u00fcber An und Abreise oder Schl\u00fcssel\u00fcbergabe usw. finden Sie hier","robots":{"index":"index","follow":"follow","max-snippet":"max-snippet:-1","max-image-preview":"max-image-preview:large","max-video-preview":"max-video-preview:-1"},"canonical":"https:\/\/www.ostseeferienparkseepferdchen.de\/de\/gaesteservice\/fragen-antworten\/","og_locale":"de_DE","og_type":"article","og_title":"Fragen und Antworten - Ostseeferienpark Seepferdchen","og_description":"Wie k\u00f6nnen wir Ihnen weiterhelfen? Alle Informationen \u00fcber An und Abreise oder Schl\u00fcssel\u00fcbergabe usw. finden Sie hier","og_url":"https:\/\/www.ostseeferienparkseepferdchen.de\/de\/gaesteservice\/fragen-antworten\/","og_site_name":"Ostseeferienpark Seepferdchen","article_modified_time":"2026-02-05T14:31:50+00:00","og_image":[{"width":1920,"height":800,"url":"https:\/\/www.ostseeferienparkseepferdchen.de\/wp-content\/uploads\/2026\/02\/FragenAntworten.jpg","type":"image\/jpeg"}],"twitter_card":"summary_large_image","twitter_misc":{"Gesch\u00e4tzte Lesezeit":"2\u00a0Minuten"},"schema":{"@context":"https:\/\/schema.org","@graph":[{"@type":"WebPage","@id":"https:\/\/www.ostseeferienparkseepferdchen.de\/de\/gaesteservice\/fragen-antworten\/","url":"https:\/\/www.ostseeferienparkseepferdchen.de\/de\/gaesteservice\/fragen-antworten\/","name":"Fragen und Antworten - Ostseeferienpark Seepferdchen","isPartOf":{"@id":"https:\/\/www.ostseeferienparkseepferdchen.de\/de\/#website"},"primaryImageOfPage":{"@id":"https:\/\/www.ostseeferienparkseepferdchen.de\/de\/gaesteservice\/fragen-antworten\/#primaryimage"},"image":{"@id":"https:\/\/www.ostseeferienparkseepferdchen.de\/de\/gaesteservice\/fragen-antworten\/#primaryimage"},"thumbnailUrl":"https:\/\/www.ostseeferienparkseepferdchen.de\/wp-content\/uploads\/2026\/02\/FragenAntworten.jpg","datePublished":"2025-12-19T15:17:31+00:00","dateModified":"2026-02-05T14:31:50+00:00","description":"Wie k\u00f6nnen wir Ihnen weiterhelfen? Alle Informationen \u00fcber An und Abreise oder Schl\u00fcssel\u00fcbergabe usw. finden Sie hier","breadcrumb":{"@id":"https:\/\/www.ostseeferienparkseepferdchen.de\/de\/gaesteservice\/fragen-antworten\/#breadcrumb"},"inLanguage":"de","potentialAction":[{"@type":"ReadAction","target":["https:\/\/www.ostseeferienparkseepferdchen.de\/de\/gaesteservice\/fragen-antworten\/"]}]},{"@type":"ImageObject","inLanguage":"de","@id":"https:\/\/www.ostseeferienparkseepferdchen.de\/de\/gaesteservice\/fragen-antworten\/#primaryimage","url":"https:\/\/www.ostseeferienparkseepferdchen.de\/wp-content\/uploads\/2026\/02\/FragenAntworten.jpg","contentUrl":"https:\/\/www.ostseeferienparkseepferdchen.de\/wp-content\/uploads\/2026\/02\/FragenAntworten.jpg","width":1920,"height":800},{"@type":"BreadcrumbList","@id":"https:\/\/www.ostseeferienparkseepferdchen.de\/de\/gaesteservice\/fragen-antworten\/#breadcrumb","itemListElement":[{"@type":"ListItem","position":1,"name":"Start","item":"https:\/\/www.ostseeferienparkseepferdchen.de\/de\/"},{"@type":"ListItem","position":2,"name":"G\u00e4steservice","item":"https:\/\/www.ostseeferienparkseepferdchen.de\/de\/gaesteservice\/"},{"@type":"ListItem","position":3,"name":"Fragen und Antworten"}]},{"@type":"WebSite","@id":"https:\/\/www.ostseeferienparkseepferdchen.de\/de\/#website","url":"https:\/\/www.ostseeferienparkseepferdchen.de\/de\/","name":"Ostseeferienpark Seepferdchen","description":"","publisher":{"@id":"https:\/\/www.ostseeferienparkseepferdchen.de\/de\/#organization"},"potentialAction":[{"@type":"SearchAction","target":{"@type":"EntryPoint","urlTemplate":"https:\/\/www.ostseeferienparkseepferdchen.de\/de\/?s={search_term_string}"},"query-input":{"@type":"PropertyValueSpecification","valueRequired":true,"valueName":"search_term_string"}}],"inLanguage":"de"},{"@type":"Organization","@id":"https:\/\/www.ostseeferienparkseepferdchen.de\/de\/#organization","name":"Ostseeferienpark Seepferdchen","url":"https:\/\/www.ostseeferienparkseepferdchen.de\/de\/","logo":{"@type":"ImageObject","inLanguage":"de","@id":"https:\/\/www.ostseeferienparkseepferdchen.de\/de\/#\/schema\/logo\/image\/","url":"https:\/\/www.ostseeferienparkseepferdchen.de\/wp-content\/uploads\/2025\/12\/Logo_OFPS-rgb-1.svg","contentUrl":"https:\/\/www.ostseeferienparkseepferdchen.de\/wp-content\/uploads\/2025\/12\/Logo_OFPS-rgb-1.svg","caption":"Ostseeferienpark Seepferdchen"},"image":{"@id":"https:\/\/www.ostseeferienparkseepferdchen.de\/de\/#\/schema\/logo\/image\/"}}]}},"_links":{"self":[{"href":"https:\/\/www.ostseeferienparkseepferdchen.de\/de\/wp-json\/wp\/v2\/pages\/1194","targetHints":{"allow":["GET"]}}],"collection":[{"href":"https:\/\/www.ostseeferienparkseepferdchen.de\/de\/wp-json\/wp\/v2\/pages"}],"about":[{"href":"https:\/\/www.ostseeferienparkseepferdchen.de\/de\/wp-json\/wp\/v2\/types\/page"}],"author":[{"embeddable":true,"href":"https:\/\/www.ostseeferienparkseepferdchen.de\/de\/wp-json\/wp\/v2\/users\/1"}],"replies":[{"embeddable":true,"href":"https:\/\/www.ostseeferienparkseepferdchen.de\/de\/wp-json\/wp\/v2\/comments?post=1194"}],"version-history":[{"count":22,"href":"https:\/\/www.ostseeferienparkseepferdchen.de\/de\/wp-json\/wp\/v2\/pages\/1194\/revisions"}],"predecessor-version":[{"id":1720,"href":"https:\/\/www.ostseeferienparkseepferdchen.de\/de\/wp-json\/wp\/v2\/pages\/1194\/revisions\/1720"}],"up":[{"embeddable":true,"href":"https:\/\/www.ostseeferienparkseepferdchen.de\/de\/wp-json\/wp\/v2\/pages\/1196"}],"wp:featuredmedia":[{"embeddable":true,"href":"https:\/\/www.ostseeferienparkseepferdchen.de\/de\/wp-json\/wp\/v2\/media\/2111"}],"wp:attachment":[{"href":"https:\/\/www.ostseeferienparkseepferdchen.de\/de\/wp-json\/wp\/v2\/media?parent=1194"}],"wp:term":[{"taxonomy":"seitenart","embeddable":true,"href":"https:\/\/www.ostseeferienparkseepferdchen.de\/de\/wp-json\/wp\/v2\/seitenart?post=1194"}],"curies":[{"name":"wp","href":"https:\/\/api.w.org\/{rel}","templated":true}]}}