{"id":1198,"date":"2025-12-19T16:18:22","date_gmt":"2025-12-19T15:18:22","guid":{"rendered":"https:\/\/www.ostseeferienparkseepferdchen.de\/?page_id=1198"},"modified":"2026-02-05T15:41:31","modified_gmt":"2026-02-05T14:41:31","slug":"reiseversicherung","status":"publish","type":"page","link":"https:\/\/www.ostseeferienparkseepferdchen.de\/de\/gaesteservice\/reiseversicherung\/","title":{"rendered":"Reiseversicherung"},"content":{"rendered":"\t\t<div data-elementor-type=\"wp-page\" data-elementor-id=\"1198\" class=\"elementor elementor-1198\" data-elementor-post-type=\"page\">\n\t\t\t\t<div class=\"elementor-element elementor-element-354fdb0a e-flex e-con-boxed e-con e-parent\" data-id=\"354fdb0a\" data-element_type=\"container\" data-e-type=\"container\">\n\t\t\t\t\t<div class=\"e-con-inner\">\n\t\t\t\t<div class=\"elementor-element elementor-element-5812c759 elementor-widget elementor-widget-heading\" data-id=\"5812c759\" data-element_type=\"widget\" data-e-type=\"widget\" data-widget_type=\"heading.default\">\n\t\t\t\t\t<h1 class=\"elementor-heading-title elementor-size-default\">Reiseversicherung<\/h1>\t\t\t\t<\/div>\n\t\t\t\t<div class=\"elementor-element elementor-element-1985adb elementor-widget elementor-widget-heading\" data-id=\"1985adb\" data-element_type=\"widget\" data-e-type=\"widget\" data-widget_type=\"heading.default\">\n\t\t\t\t\t<h3 class=\"elementor-heading-title elementor-size-default\">Sicher und unbeschwert in den Urlaub<\/h3>\t\t\t\t<\/div>\n\t\t\t\t<div class=\"elementor-element elementor-element-2ca737df elementor-widget-mobile__width-inherit elementor-widget-tablet__width-inherit elementor-widget__width-initial elementor-widget elementor-widget-text-editor\" data-id=\"2ca737df\" data-element_type=\"widget\" data-e-type=\"widget\" data-widget_type=\"text-editor.default\">\n\t\t\t\t\t\t\t\t\t<p>Sie werden vor der Reise krank, ein Angeh\u00f6riger hat einen Unfall, Sie sind von einer betriebsbedingten K\u00fcndigung betroffen! Aufgrund einer Autopanne w\u00e4hrend oder kurz vor der Anreise kommen Sie versp\u00e4tet an? Die entgangenen Urlaubsfreuden k\u00f6nnen wir Ihnen nicht ersetzen, m\u00f6gliche finanzielle Sch\u00e4den schon! Die ERGO Reiseversicherung, unser Partner in Sachen Reiseschutz \u00fcbernimmt Ihr finanzielles Risiko einer Stornierung oder eines versp\u00e4teten Reiseantritts aus versichertem Grund.<\/p><p><br \/>Die Reiser\u00fccktritts-Versicherung bietet Ihnen nicht nur Schutz bei Stornierung, sondern auch bei einem unerwarteten Abbruch der Reise. In diesem Fall erstattet die ERGO Reiseversicherung die Kosten f\u00fcr die nicht genutzten Aufenthaltstage und \u00fcbernimmt zus\u00e4tzliche R\u00fcckreisekosten. Somit sind Sie vor und w\u00e4hrend der Reise finanziell bestens gesch\u00fctzt.<\/p>\t\t\t\t\t\t\t\t<\/div>\n\t\t\t\t<div class=\"elementor-element elementor-element-67a194e elementor-widget-divider--view-line elementor-widget elementor-widget-divider\" data-id=\"67a194e\" data-element_type=\"widget\" data-e-type=\"widget\" data-widget_type=\"divider.default\">\n\t\t\t\t\t\t\t<div class=\"elementor-divider\">\n\t\t\t<span class=\"elementor-divider-separator\">\n\t\t\t\t\t\t<\/span>\n\t\t<\/div>\n\t\t\t\t\t\t<\/div>\n\t\t\t\t<div class=\"elementor-element elementor-element-f6b08b7 elementor-widget elementor-widget-image\" data-id=\"f6b08b7\" data-element_type=\"widget\" data-e-type=\"widget\" data-widget_type=\"image.default\">\n\t\t\t\t\t\t\t\t\t\t\t\t\t\t\t<img decoding=\"async\" width=\"150\" height=\"94\" src=\"https:\/\/www.ostseeferienparkseepferdchen.de\/wp-content\/uploads\/2025\/12\/image-20.png\" class=\"attachment-large size-large wp-image-1659\" alt=\"\" \/>\t\t\t\t\t\t\t\t\t\t\t\t\t\t\t<\/div>\n\t\t\t\t<div class=\"elementor-element elementor-element-6a463f7 elementor-widget-mobile__width-inherit elementor-widget-tablet__width-inherit elementor-widget__width-initial elementor-widget elementor-widget-text-editor\" data-id=\"6a463f7\" data-element_type=\"widget\" data-e-type=\"widget\" data-widget_type=\"text-editor.default\">\n\t\t\t\t\t\t\t\t\t<p>Die\u00a0<strong>Reiser\u00fccktritts-Versicherung<\/strong>\u00a0bietet Ihnen nicht nur Schutz bei Stornierung, sondern auch bei einem unerwarteten Abbruch der Reise. In diesem Fall erstattet die ERGO Reiseversicherung die Kosten f\u00fcr die nicht genutzten Aufenthaltstage und \u00fcbernimmt zus\u00e4tzliche R\u00fcckreisekosten. Somit sind Sie vor und w\u00e4hrend der Reise finanziell bestens gesch\u00fctzt.<\/p><p>\u00a0<\/p><p>Das\u00a0<strong>Deutschland-Reiseschutz-Paket<\/strong>\u00a0bietet sogar noch mehr: Neben den Leistungen der Reiser\u00fccktritts-Versicherung beinhaltet es zus\u00e4tzlich den Krankenr\u00fccktransport mit medizinischer Notfall-Hilfe (wird nicht von den gesetzlichen Krankenkassen \u00fcbernommen) sowie eine Reisegep\u00e4ck-Versicherung inklusive Sportger\u00e4te-Absicherung. Erreicht Ihr aufgegebenes Reisegep\u00e4ck erst 12 Stunden nach Ihnen den Zielort werden die Kosten f\u00fcr Ersatzk\u00e4ufe erstattet.<\/p>\t\t\t\t\t\t\t\t<\/div>\n\t\t\t\t\t<\/div>\n\t\t\t\t<\/div>\n\t\t<div class=\"elementor-element elementor-element-43dbf7c e-flex e-con-boxed e-con e-parent\" data-id=\"43dbf7c\" data-element_type=\"container\" data-e-type=\"container\">\n\t\t\t\t\t<div class=\"e-con-inner\">\n\t\t\t\t<div class=\"elementor-element elementor-element-71e36be elementor-align-center elementor-widget elementor-widget-button\" data-id=\"71e36be\" data-element_type=\"widget\" data-e-type=\"widget\" data-widget_type=\"button.default\">\n\t\t\t\t\t\t\t\t\t\t<a class=\"elementor-button elementor-button-link elementor-size-sm\" href=\"https:\/\/app.ergo-reiseversicherung.de\/ba4\/landingPage.html?appname=ba-tid&#038;partnerid=086681000485\">\n\t\t\t\t\t\t<span class=\"elementor-button-content-wrapper\">\n\t\t\t\t\t\t\t\t\t<span class=\"elementor-button-text\">Reiseschutz online buchen<\/span>\n\t\t\t\t\t<\/span>\n\t\t\t\t\t<\/a>\n\t\t\t\t\t\t\t\t<\/div>\n\t\t\t\t\t<\/div>\n\t\t\t\t<\/div>\n\t\t<div class=\"elementor-element elementor-element-f87a1f4 e-flex e-con-boxed e-con e-parent\" data-id=\"f87a1f4\" data-element_type=\"container\" data-e-type=\"container\">\n\t\t\t\t\t<div class=\"e-con-inner\">\n\t\t\t\t<div class=\"elementor-element elementor-element-407fc84 elementor-widget elementor-widget-spacer\" data-id=\"407fc84\" data-element_type=\"widget\" data-e-type=\"widget\" data-widget_type=\"spacer.default\">\n\t\t\t\t\t\t\t<div class=\"elementor-spacer\">\n\t\t\t<div class=\"elementor-spacer-inner\"><\/div>\n\t\t<\/div>\n\t\t\t\t\t\t<\/div>\n\t\t\t\t\t<\/div>\n\t\t\t\t<\/div>\n\t\t\t\t<\/div>\n\t\t","protected":false},"excerpt":{"rendered":"<p>Reiseversicherung Sicher und unbeschwert in den Urlaub Sie werden vor der Reise krank, ein Angeh\u00f6riger hat einen Unfall, Sie sind von einer betriebsbedingten K\u00fcndigung betroffen! Aufgrund einer Autopanne w\u00e4hrend oder kurz vor der Anreise kommen Sie versp\u00e4tet an? Die entgangenen Urlaubsfreuden k\u00f6nnen wir Ihnen nicht ersetzen, m\u00f6gliche finanzielle Sch\u00e4den schon! Die ERGO Reiseversicherung, unser Partner [&hellip;]<\/p>\n","protected":false},"author":1,"featured_media":2112,"parent":1196,"menu_order":0,"comment_status":"closed","ping_status":"closed","template":"","meta":{"_acf_changed":false,"footnotes":""},"seitenart":[],"class_list":["post-1198","page","type-page","status-publish","has-post-thumbnail","hentry"],"acf":[],"yoast_head":"<!-- This site is optimized with the Yoast SEO plugin v27.3 - https:\/\/yoast.com\/product\/yoast-seo-wordpress\/ -->\n<title>Reiseversicherung - Ostseeferienpark Seepferdchen<\/title>\n<meta name=\"description\" content=\"Sicher und unbeschwert in den Urlaub - Die entgangenen Urlaubsfreuden k\u00f6nnen wir Ihnen nicht ersetzen, m\u00f6gliche finanzielle Sch\u00e4den schon!\" \/>\n<meta name=\"robots\" content=\"index, follow, max-snippet:-1, max-image-preview:large, max-video-preview:-1\" \/>\n<link rel=\"canonical\" href=\"https:\/\/www.ostseeferienparkseepferdchen.de\/de\/gaesteservice\/reiseversicherung\/\" \/>\n<meta property=\"og:locale\" content=\"de_DE\" \/>\n<meta property=\"og:type\" content=\"article\" \/>\n<meta property=\"og:title\" content=\"Reiseversicherung - Ostseeferienpark Seepferdchen\" \/>\n<meta property=\"og:description\" content=\"Sicher und unbeschwert in den Urlaub - Die entgangenen Urlaubsfreuden k\u00f6nnen wir Ihnen nicht ersetzen, m\u00f6gliche finanzielle Sch\u00e4den schon!\" \/>\n<meta property=\"og:url\" content=\"https:\/\/www.ostseeferienparkseepferdchen.de\/de\/gaesteservice\/reiseversicherung\/\" \/>\n<meta property=\"og:site_name\" content=\"Ostseeferienpark Seepferdchen\" \/>\n<meta property=\"article:modified_time\" content=\"2026-02-05T14:41:31+00:00\" \/>\n<meta property=\"og:image\" content=\"https:\/\/www.ostseeferienparkseepferdchen.de\/wp-content\/uploads\/2026\/02\/Reiseversicherung.jpg\" \/>\n\t<meta property=\"og:image:width\" content=\"1920\" \/>\n\t<meta property=\"og:image:height\" content=\"800\" \/>\n\t<meta property=\"og:image:type\" content=\"image\/jpeg\" \/>\n<meta name=\"twitter:card\" content=\"summary_large_image\" \/>\n<meta name=\"twitter:label1\" content=\"Gesch\u00e4tzte Lesezeit\" \/>\n\t<meta name=\"twitter:data1\" content=\"2\u00a0Minuten\" \/>\n<script type=\"application\/ld+json\" class=\"yoast-schema-graph\">{\"@context\":\"https:\\\/\\\/schema.org\",\"@graph\":[{\"@type\":\"WebPage\",\"@id\":\"https:\\\/\\\/www.ostseeferienparkseepferdchen.de\\\/de\\\/gaesteservice\\\/reiseversicherung\\\/\",\"url\":\"https:\\\/\\\/www.ostseeferienparkseepferdchen.de\\\/de\\\/gaesteservice\\\/reiseversicherung\\\/\",\"name\":\"Reiseversicherung - Ostseeferienpark Seepferdchen\",\"isPartOf\":{\"@id\":\"https:\\\/\\\/www.ostseeferienparkseepferdchen.de\\\/de\\\/#website\"},\"primaryImageOfPage\":{\"@id\":\"https:\\\/\\\/www.ostseeferienparkseepferdchen.de\\\/de\\\/gaesteservice\\\/reiseversicherung\\\/#primaryimage\"},\"image\":{\"@id\":\"https:\\\/\\\/www.ostseeferienparkseepferdchen.de\\\/de\\\/gaesteservice\\\/reiseversicherung\\\/#primaryimage\"},\"thumbnailUrl\":\"https:\\\/\\\/www.ostseeferienparkseepferdchen.de\\\/wp-content\\\/uploads\\\/2026\\\/02\\\/Reiseversicherung.jpg\",\"datePublished\":\"2025-12-19T15:18:22+00:00\",\"dateModified\":\"2026-02-05T14:41:31+00:00\",\"description\":\"Sicher und unbeschwert in den Urlaub - Die entgangenen Urlaubsfreuden k\u00f6nnen wir Ihnen nicht ersetzen, m\u00f6gliche finanzielle Sch\u00e4den schon!\",\"breadcrumb\":{\"@id\":\"https:\\\/\\\/www.ostseeferienparkseepferdchen.de\\\/de\\\/gaesteservice\\\/reiseversicherung\\\/#breadcrumb\"},\"inLanguage\":\"de\",\"potentialAction\":[{\"@type\":\"ReadAction\",\"target\":[\"https:\\\/\\\/www.ostseeferienparkseepferdchen.de\\\/de\\\/gaesteservice\\\/reiseversicherung\\\/\"]}]},{\"@type\":\"ImageObject\",\"inLanguage\":\"de\",\"@id\":\"https:\\\/\\\/www.ostseeferienparkseepferdchen.de\\\/de\\\/gaesteservice\\\/reiseversicherung\\\/#primaryimage\",\"url\":\"https:\\\/\\\/www.ostseeferienparkseepferdchen.de\\\/wp-content\\\/uploads\\\/2026\\\/02\\\/Reiseversicherung.jpg\",\"contentUrl\":\"https:\\\/\\\/www.ostseeferienparkseepferdchen.de\\\/wp-content\\\/uploads\\\/2026\\\/02\\\/Reiseversicherung.jpg\",\"width\":1920,\"height\":800},{\"@type\":\"BreadcrumbList\",\"@id\":\"https:\\\/\\\/www.ostseeferienparkseepferdchen.de\\\/de\\\/gaesteservice\\\/reiseversicherung\\\/#breadcrumb\",\"itemListElement\":[{\"@type\":\"ListItem\",\"position\":1,\"name\":\"Start\",\"item\":\"https:\\\/\\\/www.ostseeferienparkseepferdchen.de\\\/de\\\/\"},{\"@type\":\"ListItem\",\"position\":2,\"name\":\"G\u00e4steservice\",\"item\":\"https:\\\/\\\/www.ostseeferienparkseepferdchen.de\\\/de\\\/gaesteservice\\\/\"},{\"@type\":\"ListItem\",\"position\":3,\"name\":\"Reiseversicherung\"}]},{\"@type\":\"WebSite\",\"@id\":\"https:\\\/\\\/www.ostseeferienparkseepferdchen.de\\\/de\\\/#website\",\"url\":\"https:\\\/\\\/www.ostseeferienparkseepferdchen.de\\\/de\\\/\",\"name\":\"Ostseeferienpark Seepferdchen\",\"description\":\"\",\"publisher\":{\"@id\":\"https:\\\/\\\/www.ostseeferienparkseepferdchen.de\\\/de\\\/#organization\"},\"potentialAction\":[{\"@type\":\"SearchAction\",\"target\":{\"@type\":\"EntryPoint\",\"urlTemplate\":\"https:\\\/\\\/www.ostseeferienparkseepferdchen.de\\\/de\\\/?s={search_term_string}\"},\"query-input\":{\"@type\":\"PropertyValueSpecification\",\"valueRequired\":true,\"valueName\":\"search_term_string\"}}],\"inLanguage\":\"de\"},{\"@type\":\"Organization\",\"@id\":\"https:\\\/\\\/www.ostseeferienparkseepferdchen.de\\\/de\\\/#organization\",\"name\":\"Ostseeferienpark Seepferdchen\",\"url\":\"https:\\\/\\\/www.ostseeferienparkseepferdchen.de\\\/de\\\/\",\"logo\":{\"@type\":\"ImageObject\",\"inLanguage\":\"de\",\"@id\":\"https:\\\/\\\/www.ostseeferienparkseepferdchen.de\\\/de\\\/#\\\/schema\\\/logo\\\/image\\\/\",\"url\":\"https:\\\/\\\/www.ostseeferienparkseepferdchen.de\\\/wp-content\\\/uploads\\\/2025\\\/12\\\/Logo_OFPS-rgb-1.svg\",\"contentUrl\":\"https:\\\/\\\/www.ostseeferienparkseepferdchen.de\\\/wp-content\\\/uploads\\\/2025\\\/12\\\/Logo_OFPS-rgb-1.svg\",\"caption\":\"Ostseeferienpark Seepferdchen\"},\"image\":{\"@id\":\"https:\\\/\\\/www.ostseeferienparkseepferdchen.de\\\/de\\\/#\\\/schema\\\/logo\\\/image\\\/\"}}]}<\/script>\n<!-- \/ Yoast SEO plugin. -->","yoast_head_json":{"title":"Reiseversicherung - Ostseeferienpark Seepferdchen","description":"Sicher und unbeschwert in den Urlaub - Die entgangenen Urlaubsfreuden k\u00f6nnen wir Ihnen nicht ersetzen, m\u00f6gliche finanzielle Sch\u00e4den schon!","robots":{"index":"index","follow":"follow","max-snippet":"max-snippet:-1","max-image-preview":"max-image-preview:large","max-video-preview":"max-video-preview:-1"},"canonical":"https:\/\/www.ostseeferienparkseepferdchen.de\/de\/gaesteservice\/reiseversicherung\/","og_locale":"de_DE","og_type":"article","og_title":"Reiseversicherung - Ostseeferienpark Seepferdchen","og_description":"Sicher und unbeschwert in den Urlaub - Die entgangenen Urlaubsfreuden k\u00f6nnen wir Ihnen nicht ersetzen, m\u00f6gliche finanzielle Sch\u00e4den schon!","og_url":"https:\/\/www.ostseeferienparkseepferdchen.de\/de\/gaesteservice\/reiseversicherung\/","og_site_name":"Ostseeferienpark Seepferdchen","article_modified_time":"2026-02-05T14:41:31+00:00","og_image":[{"width":1920,"height":800,"url":"https:\/\/www.ostseeferienparkseepferdchen.de\/wp-content\/uploads\/2026\/02\/Reiseversicherung.jpg","type":"image\/jpeg"}],"twitter_card":"summary_large_image","twitter_misc":{"Gesch\u00e4tzte Lesezeit":"2\u00a0Minuten"},"schema":{"@context":"https:\/\/schema.org","@graph":[{"@type":"WebPage","@id":"https:\/\/www.ostseeferienparkseepferdchen.de\/de\/gaesteservice\/reiseversicherung\/","url":"https:\/\/www.ostseeferienparkseepferdchen.de\/de\/gaesteservice\/reiseversicherung\/","name":"Reiseversicherung - Ostseeferienpark Seepferdchen","isPartOf":{"@id":"https:\/\/www.ostseeferienparkseepferdchen.de\/de\/#website"},"primaryImageOfPage":{"@id":"https:\/\/www.ostseeferienparkseepferdchen.de\/de\/gaesteservice\/reiseversicherung\/#primaryimage"},"image":{"@id":"https:\/\/www.ostseeferienparkseepferdchen.de\/de\/gaesteservice\/reiseversicherung\/#primaryimage"},"thumbnailUrl":"https:\/\/www.ostseeferienparkseepferdchen.de\/wp-content\/uploads\/2026\/02\/Reiseversicherung.jpg","datePublished":"2025-12-19T15:18:22+00:00","dateModified":"2026-02-05T14:41:31+00:00","description":"Sicher und unbeschwert in den Urlaub - Die entgangenen Urlaubsfreuden k\u00f6nnen wir Ihnen nicht ersetzen, m\u00f6gliche finanzielle Sch\u00e4den schon!","breadcrumb":{"@id":"https:\/\/www.ostseeferienparkseepferdchen.de\/de\/gaesteservice\/reiseversicherung\/#breadcrumb"},"inLanguage":"de","potentialAction":[{"@type":"ReadAction","target":["https:\/\/www.ostseeferienparkseepferdchen.de\/de\/gaesteservice\/reiseversicherung\/"]}]},{"@type":"ImageObject","inLanguage":"de","@id":"https:\/\/www.ostseeferienparkseepferdchen.de\/de\/gaesteservice\/reiseversicherung\/#primaryimage","url":"https:\/\/www.ostseeferienparkseepferdchen.de\/wp-content\/uploads\/2026\/02\/Reiseversicherung.jpg","contentUrl":"https:\/\/www.ostseeferienparkseepferdchen.de\/wp-content\/uploads\/2026\/02\/Reiseversicherung.jpg","width":1920,"height":800},{"@type":"BreadcrumbList","@id":"https:\/\/www.ostseeferienparkseepferdchen.de\/de\/gaesteservice\/reiseversicherung\/#breadcrumb","itemListElement":[{"@type":"ListItem","position":1,"name":"Start","item":"https:\/\/www.ostseeferienparkseepferdchen.de\/de\/"},{"@type":"ListItem","position":2,"name":"G\u00e4steservice","item":"https:\/\/www.ostseeferienparkseepferdchen.de\/de\/gaesteservice\/"},{"@type":"ListItem","position":3,"name":"Reiseversicherung"}]},{"@type":"WebSite","@id":"https:\/\/www.ostseeferienparkseepferdchen.de\/de\/#website","url":"https:\/\/www.ostseeferienparkseepferdchen.de\/de\/","name":"Ostseeferienpark Seepferdchen","description":"","publisher":{"@id":"https:\/\/www.ostseeferienparkseepferdchen.de\/de\/#organization"},"potentialAction":[{"@type":"SearchAction","target":{"@type":"EntryPoint","urlTemplate":"https:\/\/www.ostseeferienparkseepferdchen.de\/de\/?s={search_term_string}"},"query-input":{"@type":"PropertyValueSpecification","valueRequired":true,"valueName":"search_term_string"}}],"inLanguage":"de"},{"@type":"Organization","@id":"https:\/\/www.ostseeferienparkseepferdchen.de\/de\/#organization","name":"Ostseeferienpark Seepferdchen","url":"https:\/\/www.ostseeferienparkseepferdchen.de\/de\/","logo":{"@type":"ImageObject","inLanguage":"de","@id":"https:\/\/www.ostseeferienparkseepferdchen.de\/de\/#\/schema\/logo\/image\/","url":"https:\/\/www.ostseeferienparkseepferdchen.de\/wp-content\/uploads\/2025\/12\/Logo_OFPS-rgb-1.svg","contentUrl":"https:\/\/www.ostseeferienparkseepferdchen.de\/wp-content\/uploads\/2025\/12\/Logo_OFPS-rgb-1.svg","caption":"Ostseeferienpark Seepferdchen"},"image":{"@id":"https:\/\/www.ostseeferienparkseepferdchen.de\/de\/#\/schema\/logo\/image\/"}}]}},"_links":{"self":[{"href":"https:\/\/www.ostseeferienparkseepferdchen.de\/de\/wp-json\/wp\/v2\/pages\/1198","targetHints":{"allow":["GET"]}}],"collection":[{"href":"https:\/\/www.ostseeferienparkseepferdchen.de\/de\/wp-json\/wp\/v2\/pages"}],"about":[{"href":"https:\/\/www.ostseeferienparkseepferdchen.de\/de\/wp-json\/wp\/v2\/types\/page"}],"author":[{"embeddable":true,"href":"https:\/\/www.ostseeferienparkseepferdchen.de\/de\/wp-json\/wp\/v2\/users\/1"}],"replies":[{"embeddable":true,"href":"https:\/\/www.ostseeferienparkseepferdchen.de\/de\/wp-json\/wp\/v2\/comments?post=1198"}],"version-history":[{"count":30,"href":"https:\/\/www.ostseeferienparkseepferdchen.de\/de\/wp-json\/wp\/v2\/pages\/1198\/revisions"}],"predecessor-version":[{"id":2130,"href":"https:\/\/www.ostseeferienparkseepferdchen.de\/de\/wp-json\/wp\/v2\/pages\/1198\/revisions\/2130"}],"up":[{"embeddable":true,"href":"https:\/\/www.ostseeferienparkseepferdchen.de\/de\/wp-json\/wp\/v2\/pages\/1196"}],"wp:featuredmedia":[{"embeddable":true,"href":"https:\/\/www.ostseeferienparkseepferdchen.de\/de\/wp-json\/wp\/v2\/media\/2112"}],"wp:attachment":[{"href":"https:\/\/www.ostseeferienparkseepferdchen.de\/de\/wp-json\/wp\/v2\/media?parent=1198"}],"wp:term":[{"taxonomy":"seitenart","embeddable":true,"href":"https:\/\/www.ostseeferienparkseepferdchen.de\/de\/wp-json\/wp\/v2\/seitenart?post=1198"}],"curies":[{"name":"wp","href":"https:\/\/api.w.org\/{rel}","templated":true}]}}