{"id":1208,"date":"2025-12-19T16:19:33","date_gmt":"2025-12-19T15:19:33","guid":{"rendered":"https:\/\/www.ostseeferienparkseepferdchen.de\/?page_id=1208"},"modified":"2026-02-10T09:13:14","modified_gmt":"2026-02-10T08:13:14","slug":"in-der-anlage","status":"publish","type":"page","link":"https:\/\/www.ostseeferienparkseepferdchen.de\/de\/in-der-anlage\/","title":{"rendered":"In der Anlage"},"content":{"rendered":"\t\t<div data-elementor-type=\"wp-page\" data-elementor-id=\"1208\" class=\"elementor elementor-1208\" data-elementor-post-type=\"page\">\n\t\t\t\t<div class=\"elementor-element elementor-element-a02e107 e-flex e-con-boxed e-con e-parent\" data-id=\"a02e107\" data-element_type=\"container\" data-e-type=\"container\">\n\t\t\t\t\t<div class=\"e-con-inner\">\n\t\t\t\t<div class=\"elementor-element elementor-element-7c8b088 elementor-widget elementor-widget-heading\" data-id=\"7c8b088\" data-element_type=\"widget\" data-e-type=\"widget\" data-widget_type=\"heading.default\">\n\t\t\t\t\t<h1 class=\"elementor-heading-title elementor-size-default\">Aktivit\u00e4ten in der Anlage<\/h1>\t\t\t\t<\/div>\n\t\t\t\t<div class=\"elementor-element elementor-element-a100aef elementor-widget-tablet__width-inherit elementor-widget elementor-widget-heading\" data-id=\"a100aef\" data-element_type=\"widget\" data-e-type=\"widget\" data-widget_type=\"heading.default\">\n\t\t\t\t\t<h3 class=\"elementor-heading-title elementor-size-default\">Freizeit im Osteseeferienpark Seepferdchen<\/h3>\t\t\t\t<\/div>\n\t\t\t\t<div class=\"elementor-element elementor-element-0297efb elementor-widget-mobile__width-inherit elementor-widget-tablet__width-inherit elementor-widget__width-initial elementor-widget elementor-widget-text-editor\" data-id=\"0297efb\" data-element_type=\"widget\" data-e-type=\"widget\" data-widget_type=\"text-editor.default\">\n\t\t\t\t\t\t\t\t\t<p>Genie\u00dfen Sie erholsame Tage an der frischen K\u00fcstenluft und entdecken Sie die vielf\u00e4ltigen Freizeitm\u00f6glichkeiten unserer Anlage. Ob beim Minigolf, Freiluftschach oder Outdoor-Mikado &#8211; hier kommt keine Langeweile auf. Familien k\u00f6nnen ihre Zeit mit M\u00f6glichkeiten wie Spielpl\u00e4tzen, Grillpl\u00e4tzen oder andere gem\u00fctliche Ecken genie\u00dfen. Auch bei schlechtem Wetter gibt es bei uns M\u00f6glichkeiten wie Gesellschaftsspiele oder Kinderb\u00fccher an der Rezeption &#8211; f\u00fcr Spa\u00df und Unterhaltung ist immer gesorgt.<\/p>\t\t\t\t\t\t\t\t<\/div>\n\t\t\t\t<div class=\"elementor-element elementor-element-623a318 elementor-align-center elementor-mobile-align-justify beon-button-hover elementor-widget elementor-widget-button\" data-id=\"623a318\" data-element_type=\"widget\" data-e-type=\"widget\" data-widget_type=\"button.default\">\n\t\t\t\t\t\t\t\t\t\t<a class=\"elementor-button elementor-button-link elementor-size-sm\" href=\"\/wp-content\/uploads\/2026\/02\/lageplan2026seepferdchen.pdf\" target=\"_blank\">\n\t\t\t\t\t\t<span class=\"elementor-button-content-wrapper\">\n\t\t\t\t\t\t<span class=\"elementor-button-icon\">\n\t\t\t\t<svg xmlns=\"http:\/\/www.w3.org\/2000\/svg\" width=\"7\" height=\"12\" viewBox=\"0 0 7 12\" fill=\"none\"><path d=\"M0.538613 0.522095L5.82861 5.97758L0.538613 11.0921\" stroke=\"white\" stroke-width=\"1.5\"><\/path><\/svg>\t\t\t<\/span>\n\t\t\t\t\t\t\t\t\t<span class=\"elementor-button-text\">Lageplan des Ostseeferienparks<\/span>\n\t\t\t\t\t<\/span>\n\t\t\t\t\t<\/a>\n\t\t\t\t\t\t\t\t<\/div>\n\t\t\t\t\t<\/div>\n\t\t\t\t<\/div>\n\t\t<div class=\"elementor-element elementor-element-710c644 e-flex e-con-boxed e-con e-parent\" data-id=\"710c644\" data-element_type=\"container\" data-e-type=\"container\">\n\t\t\t\t\t<div class=\"e-con-inner\">\n\t\t\t\t<div class=\"elementor-element elementor-element-41af4e0 elementor-widget elementor-widget-template\" data-id=\"41af4e0\" data-element_type=\"widget\" data-e-type=\"widget\" data-widget_type=\"template.default\">\n\t\t\t\t<div class=\"elementor-widget-container\">\n\t\t\t\t\t\t\t<div class=\"elementor-template\">\n\t\t\t\t\t<div data-elementor-type=\"container\" data-elementor-id=\"1337\" class=\"elementor elementor-1337\" data-elementor-post-type=\"elementor_library\">\n\t\t\t\t<div class=\"elementor-element elementor-element-50c0855c e-flex e-con-boxed e-con e-parent\" data-id=\"50c0855c\" data-element_type=\"container\" data-e-type=\"container\">\n\t\t\t\t\t<div class=\"e-con-inner\">\n\t\t\t\t<div class=\"elementor-element elementor-element-2455c226 elementor-widget-divider--view-line elementor-widget elementor-widget-divider\" data-id=\"2455c226\" data-element_type=\"widget\" data-e-type=\"widget\" data-widget_type=\"divider.default\">\n\t\t\t\t\t\t\t<div class=\"elementor-divider\">\n\t\t\t<span class=\"elementor-divider-separator\">\n\t\t\t\t\t\t<\/span>\n\t\t<\/div>\n\t\t\t\t\t\t<\/div>\n\t\t\t\t<div class=\"elementor-element elementor-element-639ecbfa elementor-widget elementor-widget-image\" data-id=\"639ecbfa\" data-element_type=\"widget\" data-e-type=\"widget\" data-widget_type=\"image.default\">\n\t\t\t\t\t\t\t\t\t\t\t\t\t\t\t<img decoding=\"async\" width=\"28\" height=\"49\" src=\"https:\/\/www.ostseeferienparkseepferdchen.de\/wp-content\/uploads\/2025\/12\/Unbenannt-2.png\" class=\"attachment-large size-large wp-image-1315\" alt=\"\" \/>\t\t\t\t\t\t\t\t\t\t\t\t\t\t\t<\/div>\n\t\t\t\t<div class=\"elementor-element elementor-element-62c2378b elementor-widget-divider--view-line elementor-widget elementor-widget-divider\" data-id=\"62c2378b\" data-element_type=\"widget\" data-e-type=\"widget\" data-widget_type=\"divider.default\">\n\t\t\t\t\t\t\t<div class=\"elementor-divider\">\n\t\t\t<span class=\"elementor-divider-separator\">\n\t\t\t\t\t\t<\/span>\n\t\t<\/div>\n\t\t\t\t\t\t<\/div>\n\t\t\t\t\t<\/div>\n\t\t\t\t<\/div>\n\t\t\t\t<\/div>\n\t\t\t\t<\/div>\n\t\t\t\t\t\t<\/div>\n\t\t\t\t<\/div>\n\t\t\t\t\t<\/div>\n\t\t\t\t<\/div>\n\t\t<div class=\"elementor-element elementor-element-b9db8cc e-flex e-con-boxed e-con e-parent\" data-id=\"b9db8cc\" data-element_type=\"container\" data-e-type=\"container\">\n\t\t\t\t\t<div class=\"e-con-inner\">\n\t\t<div class=\"elementor-element elementor-element-7e75423 e-con-full e-flex e-con e-child\" data-id=\"7e75423\" data-element_type=\"container\" data-e-type=\"container\">\n\t\t\t\t<div class=\"elementor-element elementor-element-283bf9d elementor-widget elementor-widget-image\" data-id=\"283bf9d\" data-element_type=\"widget\" data-e-type=\"widget\" data-widget_type=\"image.default\">\n\t\t\t\t\t\t\t\t\t\t\t\t\t\t\t<img fetchpriority=\"high\" decoding=\"async\" width=\"1024\" height=\"641\" src=\"https:\/\/www.ostseeferienparkseepferdchen.de\/wp-content\/uploads\/2026\/01\/5e39dab8a1789e6e227b1d783b83a78cfead39fa-1024x641.png\" class=\"attachment-large size-large wp-image-1784\" alt=\"\" srcset=\"https:\/\/www.ostseeferienparkseepferdchen.de\/wp-content\/uploads\/2026\/01\/5e39dab8a1789e6e227b1d783b83a78cfead39fa-1024x641.png 1024w, https:\/\/www.ostseeferienparkseepferdchen.de\/wp-content\/uploads\/2026\/01\/5e39dab8a1789e6e227b1d783b83a78cfead39fa-300x188.png 300w, https:\/\/www.ostseeferienparkseepferdchen.de\/wp-content\/uploads\/2026\/01\/5e39dab8a1789e6e227b1d783b83a78cfead39fa-768x480.png 768w, https:\/\/www.ostseeferienparkseepferdchen.de\/wp-content\/uploads\/2026\/01\/5e39dab8a1789e6e227b1d783b83a78cfead39fa.png 1170w\" sizes=\"(max-width: 1024px) 100vw, 1024px\" \/>\t\t\t\t\t\t\t\t\t\t\t\t\t\t\t<\/div>\n\t\t\t\t<\/div>\n\t\t<div class=\"elementor-element elementor-element-b763d7c e-con-full e-flex e-con e-child\" data-id=\"b763d7c\" data-element_type=\"container\" data-e-type=\"container\">\n\t\t\t\t<div class=\"elementor-element elementor-element-482c6fa elementor-widget elementor-widget-heading\" data-id=\"482c6fa\" data-element_type=\"widget\" data-e-type=\"widget\" data-widget_type=\"heading.default\">\n\t\t\t\t\t<h4 class=\"elementor-heading-title elementor-size-default\">Urlaub mit der Familie<\/h4>\t\t\t\t<\/div>\n\t\t\t\t<div class=\"elementor-element elementor-element-5dc8354 elementor-widget elementor-widget-heading\" data-id=\"5dc8354\" data-element_type=\"widget\" data-e-type=\"widget\" data-widget_type=\"heading.default\">\n\t\t\t\t\t<h5 class=\"elementor-heading-title elementor-size-default\">Kunterbunter Familienurlaub<\/h5>\t\t\t\t<\/div>\n\t\t\t\t<div class=\"elementor-element elementor-element-c646e9a elementor-widget elementor-widget-text-editor\" data-id=\"c646e9a\" data-element_type=\"widget\" data-e-type=\"widget\" data-widget_type=\"text-editor.default\">\n\t\t\t\t\t\t\t\t\t<p>Unsere kleinen G\u00e4ste k\u00f6nnen sich beim Rutschen, Schaukeln im Freien auf dem Spielplatz austoben oder sich beim gemeinsamen Spieleabenden mit der Familie durch unsere gro\u00dfe Sammlung an Gesellschaftsspielen w\u00fcrfeln, knobeln und spielen. Sie haben ausgerechnet das Lieblingsbuch Ihres Nachwuchses zuhause vergessen? Auch das ist kein Problem: In unserer Auswahl an Kinderb\u00fcchern an der Rezeption findet sich bestimmt eine passende Gute-Nacht- oder Abenteuergeschichte f\u00fcr jede Altersklasse.<\/p>\t\t\t\t\t\t\t\t<\/div>\n\t\t\t\t<\/div>\n\t\t\t\t\t<\/div>\n\t\t\t\t<\/div>\n\t\t<div class=\"elementor-element elementor-element-01924c8 e-flex e-con-boxed e-con e-parent\" data-id=\"01924c8\" data-element_type=\"container\" data-e-type=\"container\">\n\t\t\t\t\t<div class=\"e-con-inner\">\n\t\t<div class=\"elementor-element elementor-element-c0e6ee8 e-con-full e-flex e-con e-child\" data-id=\"c0e6ee8\" data-element_type=\"container\" data-e-type=\"container\">\n\t\t\t\t<div class=\"elementor-element elementor-element-fd149a7 elementor-widget elementor-widget-image\" data-id=\"fd149a7\" data-element_type=\"widget\" data-e-type=\"widget\" data-widget_type=\"image.default\">\n\t\t\t\t\t\t\t\t\t\t\t\t\t\t\t<img decoding=\"async\" width=\"1024\" height=\"641\" src=\"https:\/\/www.ostseeferienparkseepferdchen.de\/wp-content\/uploads\/2026\/01\/dfaf339f121d9254812c193c522153c65c9ab331-1024x641.png\" class=\"attachment-large size-large wp-image-1782\" alt=\"\" srcset=\"https:\/\/www.ostseeferienparkseepferdchen.de\/wp-content\/uploads\/2026\/01\/dfaf339f121d9254812c193c522153c65c9ab331-1024x641.png 1024w, https:\/\/www.ostseeferienparkseepferdchen.de\/wp-content\/uploads\/2026\/01\/dfaf339f121d9254812c193c522153c65c9ab331-300x188.png 300w, https:\/\/www.ostseeferienparkseepferdchen.de\/wp-content\/uploads\/2026\/01\/dfaf339f121d9254812c193c522153c65c9ab331-768x480.png 768w, https:\/\/www.ostseeferienparkseepferdchen.de\/wp-content\/uploads\/2026\/01\/dfaf339f121d9254812c193c522153c65c9ab331.png 1170w\" sizes=\"(max-width: 1024px) 100vw, 1024px\" \/>\t\t\t\t\t\t\t\t\t\t\t\t\t\t\t<\/div>\n\t\t\t\t<\/div>\n\t\t<div class=\"elementor-element elementor-element-0908ce6 e-con-full e-flex e-con e-child\" data-id=\"0908ce6\" data-element_type=\"container\" data-e-type=\"container\">\n\t\t\t\t<div class=\"elementor-element elementor-element-e6008c2 elementor-widget elementor-widget-heading\" data-id=\"e6008c2\" data-element_type=\"widget\" data-e-type=\"widget\" data-widget_type=\"heading.default\">\n\t\t\t\t\t<h4 class=\"elementor-heading-title elementor-size-default\">  Mini Golf<\/h4>\t\t\t\t<\/div>\n\t\t\t\t<div class=\"elementor-element elementor-element-ead19e0 elementor-widget elementor-widget-heading\" data-id=\"ead19e0\" data-element_type=\"widget\" data-e-type=\"widget\" data-widget_type=\"heading.default\">\n\t\t\t\t\t<h5 class=\"elementor-heading-title elementor-size-default\">Spa\u00df im Ferienpark<\/h5>\t\t\t\t<\/div>\n\t\t\t\t<div class=\"elementor-element elementor-element-8567711 elementor-widget elementor-widget-text-editor\" data-id=\"8567711\" data-element_type=\"widget\" data-e-type=\"widget\" data-widget_type=\"text-editor.default\">\n\t\t\t\t\t\t\t\t\t<p>Wenn die Freizeit an der frischen K\u00fcstenluft f\u00fcr Gro\u00df und Klein mal etwas herausfordernder sein darf, bieten Ihnen das Freiluftschach, Outdoor-Mikado und die 18-Loch-Minigolfanlage die perfekte Abwechslung im Ferienpark. Golfb\u00e4lle und -schl\u00e4ger erhalten Sie direkt vor Ort gegen eine kleine Geb\u00fchr an unserer Rezeption. Auch der Strand in etwa 550 Metern Entfernung ist sowohl zu Fu\u00df als auch mit dem Fahrrad oder dem Auto gut zu erreichen.<\/p>\t\t\t\t\t\t\t\t<\/div>\n\t\t\t\t<\/div>\n\t\t\t\t\t<\/div>\n\t\t\t\t<\/div>\n\t\t<div class=\"elementor-element elementor-element-dc5af53 elementor-hidden-desktop elementor-hidden-laptop elementor-hidden-tablet elementor-hidden-mobile e-flex e-con-boxed e-con e-parent\" data-id=\"dc5af53\" data-element_type=\"container\" data-e-type=\"container\">\n\t\t\t\t\t<div class=\"e-con-inner\">\n\t\t<div class=\"elementor-element elementor-element-a463498 e-con-full e-flex e-con e-child\" data-id=\"a463498\" data-element_type=\"container\" data-e-type=\"container\">\n\t\t\t\t<div class=\"elementor-element elementor-element-2392bab elementor-widget elementor-widget-image\" data-id=\"2392bab\" data-element_type=\"widget\" data-e-type=\"widget\" data-widget_type=\"image.default\">\n\t\t\t\t\t\t\t\t\t\t\t\t\t\t\t<img loading=\"lazy\" decoding=\"async\" width=\"1024\" height=\"481\" src=\"https:\/\/www.ostseeferienparkseepferdchen.de\/wp-content\/uploads\/2026\/01\/c1cb404b390c525466ffa309d47c236cf8c18eef.jpg\" class=\"attachment-large size-large wp-image-1781\" alt=\"\" srcset=\"https:\/\/www.ostseeferienparkseepferdchen.de\/wp-content\/uploads\/2026\/01\/c1cb404b390c525466ffa309d47c236cf8c18eef.jpg 1024w, https:\/\/www.ostseeferienparkseepferdchen.de\/wp-content\/uploads\/2026\/01\/c1cb404b390c525466ffa309d47c236cf8c18eef-300x141.jpg 300w, https:\/\/www.ostseeferienparkseepferdchen.de\/wp-content\/uploads\/2026\/01\/c1cb404b390c525466ffa309d47c236cf8c18eef-768x361.jpg 768w\" sizes=\"(max-width: 1024px) 100vw, 1024px\" \/>\t\t\t\t\t\t\t\t\t\t\t\t\t\t\t<\/div>\n\t\t\t\t<\/div>\n\t\t<div class=\"elementor-element elementor-element-1835873 e-con-full e-flex e-con e-child\" data-id=\"1835873\" data-element_type=\"container\" data-e-type=\"container\">\n\t\t\t\t<div class=\"elementor-element elementor-element-2db50a2 elementor-widget elementor-widget-heading\" data-id=\"2db50a2\" data-element_type=\"widget\" data-e-type=\"widget\" data-widget_type=\"heading.default\">\n\t\t\t\t\t<h4 class=\"elementor-heading-title elementor-size-default\">Grillen an hei\u00dfen Sommertagen<\/h4>\t\t\t\t<\/div>\n\t\t\t\t<div class=\"elementor-element elementor-element-adc9dd3 elementor-widget elementor-widget-heading\" data-id=\"adc9dd3\" data-element_type=\"widget\" data-e-type=\"widget\" data-widget_type=\"heading.default\">\n\t\t\t\t\t<h5 class=\"elementor-heading-title elementor-size-default\">Grillpl\u00e4tze f\u00fcr jedes Zusammenkommen<\/h5>\t\t\t\t<\/div>\n\t\t\t\t<div class=\"elementor-element elementor-element-aaebce5 elementor-widget elementor-widget-text-editor\" data-id=\"aaebce5\" data-element_type=\"widget\" data-e-type=\"widget\" data-widget_type=\"text-editor.default\">\n\t\t\t\t\t\t\t\t\t<p>Bei sonnigem Wetter lohnt es sich unsere festen Grillpl\u00e4tze zu nutzen. Mit kleinen und gro\u00dfen Gruppen k\u00f6nnen Sie zusammen jeden Sommer und Essen genie\u00dfen. Dazu leihen Sie sich an der Rezeption ein Grillrost aus, die f\u00e4llige Kaution in H\u00f6he von 20 Euro wird bei R\u00fcckgabe des gereinigten Grillrostes erstattet. Achtung: Das Grillen bzw. das Aufstellen von Feuerschalen oder Elektrogrills auf dem Rasen und der Terrasse ist nicht gestattet.<\/p>\t\t\t\t\t\t\t\t<\/div>\n\t\t\t\t<\/div>\n\t\t\t\t\t<\/div>\n\t\t\t\t<\/div>\n\t\t\t\t<\/div>\n\t\t","protected":false},"excerpt":{"rendered":"<p>Aktivit\u00e4ten in der Anlage Freizeit im Osteseeferienpark Seepferdchen Genie\u00dfen Sie erholsame Tage an der frischen K\u00fcstenluft und entdecken Sie die vielf\u00e4ltigen Freizeitm\u00f6glichkeiten unserer Anlage. Ob beim Minigolf, Freiluftschach oder Outdoor-Mikado &#8211; hier kommt keine Langeweile auf. Familien k\u00f6nnen ihre Zeit mit M\u00f6glichkeiten wie Spielpl\u00e4tzen, Grillpl\u00e4tzen oder andere gem\u00fctliche Ecken genie\u00dfen. Auch bei schlechtem Wetter gibt [&hellip;]<\/p>\n","protected":false},"author":1,"featured_media":1763,"parent":0,"menu_order":0,"comment_status":"closed","ping_status":"closed","template":"","meta":{"_acf_changed":false,"footnotes":""},"seitenart":[],"class_list":["post-1208","page","type-page","status-publish","has-post-thumbnail","hentry"],"acf":[],"yoast_head":"<!-- This site is optimized with the Yoast SEO plugin v27.3 - https:\/\/yoast.com\/product\/yoast-seo-wordpress\/ -->\n<title>In der Anlage - Ostseeferienpark Seepferdchen<\/title>\n<meta name=\"description\" content=\"Genie\u00dfen Sie erholsame Tage an der frischen K\u00fcstenluft und entdecken Sie die vielf\u00e4ltigen Freizeitm\u00f6glichkeiten unserer Anlage.\" \/>\n<meta name=\"robots\" content=\"index, follow, max-snippet:-1, max-image-preview:large, max-video-preview:-1\" \/>\n<link rel=\"canonical\" href=\"https:\/\/www.ostseeferienparkseepferdchen.de\/de\/in-der-anlage\/\" \/>\n<meta property=\"og:locale\" content=\"de_DE\" \/>\n<meta property=\"og:type\" content=\"article\" \/>\n<meta property=\"og:title\" content=\"In der Anlage - Ostseeferienpark Seepferdchen\" \/>\n<meta property=\"og:description\" content=\"Genie\u00dfen Sie erholsame Tage an der frischen K\u00fcstenluft und entdecken Sie die vielf\u00e4ltigen Freizeitm\u00f6glichkeiten unserer Anlage.\" \/>\n<meta property=\"og:url\" content=\"https:\/\/www.ostseeferienparkseepferdchen.de\/de\/in-der-anlage\/\" \/>\n<meta property=\"og:site_name\" content=\"Ostseeferienpark Seepferdchen\" \/>\n<meta property=\"article:modified_time\" content=\"2026-02-10T08:13:14+00:00\" \/>\n<meta property=\"og:image\" content=\"https:\/\/www.ostseeferienparkseepferdchen.de\/wp-content\/uploads\/2026\/01\/8db5466678a604660b6d60731003982ab9527208.jpg\" \/>\n\t<meta property=\"og:image:width\" content=\"1920\" \/>\n\t<meta property=\"og:image:height\" content=\"1280\" \/>\n\t<meta property=\"og:image:type\" content=\"image\/jpeg\" \/>\n<meta name=\"twitter:card\" content=\"summary_large_image\" \/>\n<meta name=\"twitter:label1\" content=\"Gesch\u00e4tzte Lesezeit\" \/>\n\t<meta name=\"twitter:data1\" content=\"1\u00a0Minute\" \/>\n<script type=\"application\/ld+json\" class=\"yoast-schema-graph\">{\"@context\":\"https:\\\/\\\/schema.org\",\"@graph\":[{\"@type\":\"WebPage\",\"@id\":\"https:\\\/\\\/www.ostseeferienparkseepferdchen.de\\\/de\\\/in-der-anlage\\\/\",\"url\":\"https:\\\/\\\/www.ostseeferienparkseepferdchen.de\\\/de\\\/in-der-anlage\\\/\",\"name\":\"In der Anlage - Ostseeferienpark Seepferdchen\",\"isPartOf\":{\"@id\":\"https:\\\/\\\/www.ostseeferienparkseepferdchen.de\\\/de\\\/#website\"},\"primaryImageOfPage\":{\"@id\":\"https:\\\/\\\/www.ostseeferienparkseepferdchen.de\\\/de\\\/in-der-anlage\\\/#primaryimage\"},\"image\":{\"@id\":\"https:\\\/\\\/www.ostseeferienparkseepferdchen.de\\\/de\\\/in-der-anlage\\\/#primaryimage\"},\"thumbnailUrl\":\"https:\\\/\\\/www.ostseeferienparkseepferdchen.de\\\/wp-content\\\/uploads\\\/2026\\\/01\\\/8db5466678a604660b6d60731003982ab9527208.jpg\",\"datePublished\":\"2025-12-19T15:19:33+00:00\",\"dateModified\":\"2026-02-10T08:13:14+00:00\",\"description\":\"Genie\u00dfen Sie erholsame Tage an der frischen K\u00fcstenluft und entdecken Sie die vielf\u00e4ltigen Freizeitm\u00f6glichkeiten unserer Anlage.\",\"breadcrumb\":{\"@id\":\"https:\\\/\\\/www.ostseeferienparkseepferdchen.de\\\/de\\\/in-der-anlage\\\/#breadcrumb\"},\"inLanguage\":\"de\",\"potentialAction\":[{\"@type\":\"ReadAction\",\"target\":[\"https:\\\/\\\/www.ostseeferienparkseepferdchen.de\\\/de\\\/in-der-anlage\\\/\"]}]},{\"@type\":\"ImageObject\",\"inLanguage\":\"de\",\"@id\":\"https:\\\/\\\/www.ostseeferienparkseepferdchen.de\\\/de\\\/in-der-anlage\\\/#primaryimage\",\"url\":\"https:\\\/\\\/www.ostseeferienparkseepferdchen.de\\\/wp-content\\\/uploads\\\/2026\\\/01\\\/8db5466678a604660b6d60731003982ab9527208.jpg\",\"contentUrl\":\"https:\\\/\\\/www.ostseeferienparkseepferdchen.de\\\/wp-content\\\/uploads\\\/2026\\\/01\\\/8db5466678a604660b6d60731003982ab9527208.jpg\",\"width\":1920,\"height\":1280},{\"@type\":\"BreadcrumbList\",\"@id\":\"https:\\\/\\\/www.ostseeferienparkseepferdchen.de\\\/de\\\/in-der-anlage\\\/#breadcrumb\",\"itemListElement\":[{\"@type\":\"ListItem\",\"position\":1,\"name\":\"Start\",\"item\":\"https:\\\/\\\/www.ostseeferienparkseepferdchen.de\\\/de\\\/\"},{\"@type\":\"ListItem\",\"position\":2,\"name\":\"In der Anlage\"}]},{\"@type\":\"WebSite\",\"@id\":\"https:\\\/\\\/www.ostseeferienparkseepferdchen.de\\\/de\\\/#website\",\"url\":\"https:\\\/\\\/www.ostseeferienparkseepferdchen.de\\\/de\\\/\",\"name\":\"Ostseeferienpark Seepferdchen\",\"description\":\"\",\"publisher\":{\"@id\":\"https:\\\/\\\/www.ostseeferienparkseepferdchen.de\\\/de\\\/#organization\"},\"potentialAction\":[{\"@type\":\"SearchAction\",\"target\":{\"@type\":\"EntryPoint\",\"urlTemplate\":\"https:\\\/\\\/www.ostseeferienparkseepferdchen.de\\\/de\\\/?s={search_term_string}\"},\"query-input\":{\"@type\":\"PropertyValueSpecification\",\"valueRequired\":true,\"valueName\":\"search_term_string\"}}],\"inLanguage\":\"de\"},{\"@type\":\"Organization\",\"@id\":\"https:\\\/\\\/www.ostseeferienparkseepferdchen.de\\\/de\\\/#organization\",\"name\":\"Ostseeferienpark Seepferdchen\",\"url\":\"https:\\\/\\\/www.ostseeferienparkseepferdchen.de\\\/de\\\/\",\"logo\":{\"@type\":\"ImageObject\",\"inLanguage\":\"de\",\"@id\":\"https:\\\/\\\/www.ostseeferienparkseepferdchen.de\\\/de\\\/#\\\/schema\\\/logo\\\/image\\\/\",\"url\":\"https:\\\/\\\/www.ostseeferienparkseepferdchen.de\\\/wp-content\\\/uploads\\\/2025\\\/12\\\/Logo_OFPS-rgb-1.svg\",\"contentUrl\":\"https:\\\/\\\/www.ostseeferienparkseepferdchen.de\\\/wp-content\\\/uploads\\\/2025\\\/12\\\/Logo_OFPS-rgb-1.svg\",\"caption\":\"Ostseeferienpark Seepferdchen\"},\"image\":{\"@id\":\"https:\\\/\\\/www.ostseeferienparkseepferdchen.de\\\/de\\\/#\\\/schema\\\/logo\\\/image\\\/\"}}]}<\/script>\n<!-- \/ Yoast SEO plugin. -->","yoast_head_json":{"title":"In der Anlage - Ostseeferienpark Seepferdchen","description":"Genie\u00dfen Sie erholsame Tage an der frischen K\u00fcstenluft und entdecken Sie die vielf\u00e4ltigen Freizeitm\u00f6glichkeiten unserer Anlage.","robots":{"index":"index","follow":"follow","max-snippet":"max-snippet:-1","max-image-preview":"max-image-preview:large","max-video-preview":"max-video-preview:-1"},"canonical":"https:\/\/www.ostseeferienparkseepferdchen.de\/de\/in-der-anlage\/","og_locale":"de_DE","og_type":"article","og_title":"In der Anlage - Ostseeferienpark Seepferdchen","og_description":"Genie\u00dfen Sie erholsame Tage an der frischen K\u00fcstenluft und entdecken Sie die vielf\u00e4ltigen Freizeitm\u00f6glichkeiten unserer Anlage.","og_url":"https:\/\/www.ostseeferienparkseepferdchen.de\/de\/in-der-anlage\/","og_site_name":"Ostseeferienpark Seepferdchen","article_modified_time":"2026-02-10T08:13:14+00:00","og_image":[{"width":1920,"height":1280,"url":"https:\/\/www.ostseeferienparkseepferdchen.de\/wp-content\/uploads\/2026\/01\/8db5466678a604660b6d60731003982ab9527208.jpg","type":"image\/jpeg"}],"twitter_card":"summary_large_image","twitter_misc":{"Gesch\u00e4tzte Lesezeit":"1\u00a0Minute"},"schema":{"@context":"https:\/\/schema.org","@graph":[{"@type":"WebPage","@id":"https:\/\/www.ostseeferienparkseepferdchen.de\/de\/in-der-anlage\/","url":"https:\/\/www.ostseeferienparkseepferdchen.de\/de\/in-der-anlage\/","name":"In der Anlage - Ostseeferienpark Seepferdchen","isPartOf":{"@id":"https:\/\/www.ostseeferienparkseepferdchen.de\/de\/#website"},"primaryImageOfPage":{"@id":"https:\/\/www.ostseeferienparkseepferdchen.de\/de\/in-der-anlage\/#primaryimage"},"image":{"@id":"https:\/\/www.ostseeferienparkseepferdchen.de\/de\/in-der-anlage\/#primaryimage"},"thumbnailUrl":"https:\/\/www.ostseeferienparkseepferdchen.de\/wp-content\/uploads\/2026\/01\/8db5466678a604660b6d60731003982ab9527208.jpg","datePublished":"2025-12-19T15:19:33+00:00","dateModified":"2026-02-10T08:13:14+00:00","description":"Genie\u00dfen Sie erholsame Tage an der frischen K\u00fcstenluft und entdecken Sie die vielf\u00e4ltigen Freizeitm\u00f6glichkeiten unserer Anlage.","breadcrumb":{"@id":"https:\/\/www.ostseeferienparkseepferdchen.de\/de\/in-der-anlage\/#breadcrumb"},"inLanguage":"de","potentialAction":[{"@type":"ReadAction","target":["https:\/\/www.ostseeferienparkseepferdchen.de\/de\/in-der-anlage\/"]}]},{"@type":"ImageObject","inLanguage":"de","@id":"https:\/\/www.ostseeferienparkseepferdchen.de\/de\/in-der-anlage\/#primaryimage","url":"https:\/\/www.ostseeferienparkseepferdchen.de\/wp-content\/uploads\/2026\/01\/8db5466678a604660b6d60731003982ab9527208.jpg","contentUrl":"https:\/\/www.ostseeferienparkseepferdchen.de\/wp-content\/uploads\/2026\/01\/8db5466678a604660b6d60731003982ab9527208.jpg","width":1920,"height":1280},{"@type":"BreadcrumbList","@id":"https:\/\/www.ostseeferienparkseepferdchen.de\/de\/in-der-anlage\/#breadcrumb","itemListElement":[{"@type":"ListItem","position":1,"name":"Start","item":"https:\/\/www.ostseeferienparkseepferdchen.de\/de\/"},{"@type":"ListItem","position":2,"name":"In der Anlage"}]},{"@type":"WebSite","@id":"https:\/\/www.ostseeferienparkseepferdchen.de\/de\/#website","url":"https:\/\/www.ostseeferienparkseepferdchen.de\/de\/","name":"Ostseeferienpark Seepferdchen","description":"","publisher":{"@id":"https:\/\/www.ostseeferienparkseepferdchen.de\/de\/#organization"},"potentialAction":[{"@type":"SearchAction","target":{"@type":"EntryPoint","urlTemplate":"https:\/\/www.ostseeferienparkseepferdchen.de\/de\/?s={search_term_string}"},"query-input":{"@type":"PropertyValueSpecification","valueRequired":true,"valueName":"search_term_string"}}],"inLanguage":"de"},{"@type":"Organization","@id":"https:\/\/www.ostseeferienparkseepferdchen.de\/de\/#organization","name":"Ostseeferienpark Seepferdchen","url":"https:\/\/www.ostseeferienparkseepferdchen.de\/de\/","logo":{"@type":"ImageObject","inLanguage":"de","@id":"https:\/\/www.ostseeferienparkseepferdchen.de\/de\/#\/schema\/logo\/image\/","url":"https:\/\/www.ostseeferienparkseepferdchen.de\/wp-content\/uploads\/2025\/12\/Logo_OFPS-rgb-1.svg","contentUrl":"https:\/\/www.ostseeferienparkseepferdchen.de\/wp-content\/uploads\/2025\/12\/Logo_OFPS-rgb-1.svg","caption":"Ostseeferienpark Seepferdchen"},"image":{"@id":"https:\/\/www.ostseeferienparkseepferdchen.de\/de\/#\/schema\/logo\/image\/"}}]}},"_links":{"self":[{"href":"https:\/\/www.ostseeferienparkseepferdchen.de\/de\/wp-json\/wp\/v2\/pages\/1208","targetHints":{"allow":["GET"]}}],"collection":[{"href":"https:\/\/www.ostseeferienparkseepferdchen.de\/de\/wp-json\/wp\/v2\/pages"}],"about":[{"href":"https:\/\/www.ostseeferienparkseepferdchen.de\/de\/wp-json\/wp\/v2\/types\/page"}],"author":[{"embeddable":true,"href":"https:\/\/www.ostseeferienparkseepferdchen.de\/de\/wp-json\/wp\/v2\/users\/1"}],"replies":[{"embeddable":true,"href":"https:\/\/www.ostseeferienparkseepferdchen.de\/de\/wp-json\/wp\/v2\/comments?post=1208"}],"version-history":[{"count":25,"href":"https:\/\/www.ostseeferienparkseepferdchen.de\/de\/wp-json\/wp\/v2\/pages\/1208\/revisions"}],"predecessor-version":[{"id":2599,"href":"https:\/\/www.ostseeferienparkseepferdchen.de\/de\/wp-json\/wp\/v2\/pages\/1208\/revisions\/2599"}],"wp:featuredmedia":[{"embeddable":true,"href":"https:\/\/www.ostseeferienparkseepferdchen.de\/de\/wp-json\/wp\/v2\/media\/1763"}],"wp:attachment":[{"href":"https:\/\/www.ostseeferienparkseepferdchen.de\/de\/wp-json\/wp\/v2\/media?parent=1208"}],"wp:term":[{"taxonomy":"seitenart","embeddable":true,"href":"https:\/\/www.ostseeferienparkseepferdchen.de\/de\/wp-json\/wp\/v2\/seitenart?post=1208"}],"curies":[{"name":"wp","href":"https:\/\/api.w.org\/{rel}","templated":true}]}}