{"id":1214,"date":"2025-12-19T16:20:24","date_gmt":"2025-12-19T15:20:24","guid":{"rendered":"https:\/\/www.ostseeferienparkseepferdchen.de\/?page_id=1214"},"modified":"2026-02-04T14:47:20","modified_gmt":"2026-02-04T13:47:20","slug":"radfahren","status":"publish","type":"page","link":"https:\/\/www.ostseeferienparkseepferdchen.de\/de\/in-der-umgebung\/radfahren\/","title":{"rendered":"Radfahren"},"content":{"rendered":"\t\t<div data-elementor-type=\"wp-page\" data-elementor-id=\"1214\" class=\"elementor elementor-1214\" data-elementor-post-type=\"page\">\n\t\t\t\t<div class=\"elementor-element elementor-element-45dbb8e4 e-flex e-con-boxed e-con e-parent\" data-id=\"45dbb8e4\" data-element_type=\"container\" data-e-type=\"container\">\n\t\t\t\t\t<div class=\"e-con-inner\">\n\t\t\t\t<div class=\"elementor-element elementor-element-14f3d530 elementor-widget elementor-widget-heading\" data-id=\"14f3d530\" data-element_type=\"widget\" data-e-type=\"widget\" data-widget_type=\"heading.default\">\n\t\t\t\t\t<h2 class=\"elementor-heading-title elementor-size-default\">Urlaub mit dem Fahrrad<\/h2>\t\t\t\t<\/div>\n\t\t\t\t<div class=\"elementor-element elementor-element-19bbd9ad elementor-widget elementor-widget-heading\" data-id=\"19bbd9ad\" data-element_type=\"widget\" data-e-type=\"widget\" data-widget_type=\"heading.default\">\n\t\t\t\t\t<h3 class=\"elementor-heading-title elementor-size-default\">Aktiv auf dem Drahtesel<\/h3>\t\t\t\t<\/div>\n\t\t\t\t<div class=\"elementor-element elementor-element-77b4d011 elementor-widget-mobile__width-inherit elementor-widget-tablet__width-inherit elementor-widget elementor-widget-text-editor\" data-id=\"77b4d011\" data-element_type=\"widget\" data-e-type=\"widget\" data-widget_type=\"text-editor.default\">\n\t\t\t\t\t\t\t\t\t<p>Direkt am Ostseeferienpark Seepferdchen verl\u00e4uft der Ostseek\u00fcsten-Radweg. Dieser f\u00fchrt auf einer Gesamtl\u00e4nge von 1.140 Kilometern entlang der norddeutschen Ostseek\u00fcste und bildet einen Teilabschnitt des Fernradwegs EuroVelo Route EV10. F\u00fcr begeisterte Radurlauber stellt unsere Ferienanlage somit den idealen Ausgangspunkt f\u00fcr die Fahrradreise rund um die Ostsee.<\/p><p>\u00a0<\/p><p>Doch lassen Sie sich von dieser enormen Streckenl\u00e4nge nicht abschrecken: Von hier aus k\u00f6nnen Sie ganz nach Lust und Laune kleine Etappen der aussichtsreichen Radroute abfahren und Abstecher ins Hinterland einlegen. Die nahegelegenen Ostseeb\u00e4der Warnem\u00fcnde, Heiligendamm und K\u00fchlungsborn sind so auch f\u00fcr Kinder und weniger ge\u00fcbte Radfahrer schnell erreicht. Genauso bieten Radtouren nach Bad Doberan oder Rostock durch die gute Infrastruktur mit ausgebauten Radwegen viel Abwechslung und Freude. Bringen Sie Ihr eigenes Fahrrad mit in den Urlaub oder nutzen Sie einfach den Fahrradverleih vor Ort.<\/p>\t\t\t\t\t\t\t\t<\/div>\n\t\t\t\t\t<\/div>\n\t\t\t\t<\/div>\n\t\t\t\t<\/div>\n\t\t","protected":false},"excerpt":{"rendered":"<p>Urlaub mit dem Fahrrad Aktiv auf dem Drahtesel Direkt am Ostseeferienpark Seepferdchen verl\u00e4uft der Ostseek\u00fcsten-Radweg. Dieser f\u00fchrt auf einer Gesamtl\u00e4nge von 1.140 Kilometern entlang der norddeutschen Ostseek\u00fcste und bildet einen Teilabschnitt des Fernradwegs EuroVelo Route EV10. F\u00fcr begeisterte Radurlauber stellt unsere Ferienanlage somit den idealen Ausgangspunkt f\u00fcr die Fahrradreise rund um die Ostsee. \u00a0 Doch [&hellip;]<\/p>\n","protected":false},"author":1,"featured_media":1841,"parent":1210,"menu_order":0,"comment_status":"closed","ping_status":"closed","template":"","meta":{"_acf_changed":false,"footnotes":""},"seitenart":[],"class_list":["post-1214","page","type-page","status-publish","has-post-thumbnail","hentry"],"acf":[],"yoast_head":"<!-- This site is optimized with the Yoast SEO plugin v27.3 - https:\/\/yoast.com\/product\/yoast-seo-wordpress\/ -->\n<title>Radfahren - Ostseeferienpark Seepferdchen<\/title>\n<meta name=\"description\" content=\"Aktiv auf dem Drahtesel - Direkt am Ostseeferienpark Seepferdchen verl\u00e4uft der Ostseek\u00fcsten-Radweg. Entdecken Sie jetzt mehr\" \/>\n<meta name=\"robots\" content=\"index, follow, max-snippet:-1, max-image-preview:large, max-video-preview:-1\" \/>\n<link rel=\"canonical\" href=\"https:\/\/www.ostseeferienparkseepferdchen.de\/de\/in-der-umgebung\/radfahren\/\" \/>\n<meta property=\"og:locale\" content=\"de_DE\" \/>\n<meta property=\"og:type\" content=\"article\" \/>\n<meta property=\"og:title\" content=\"Radfahren - Ostseeferienpark Seepferdchen\" \/>\n<meta property=\"og:description\" content=\"Aktiv auf dem Drahtesel - Direkt am Ostseeferienpark Seepferdchen verl\u00e4uft der Ostseek\u00fcsten-Radweg. Entdecken Sie jetzt mehr\" \/>\n<meta property=\"og:url\" content=\"https:\/\/www.ostseeferienparkseepferdchen.de\/de\/in-der-umgebung\/radfahren\/\" \/>\n<meta property=\"og:site_name\" content=\"Ostseeferienpark Seepferdchen\" \/>\n<meta property=\"article:modified_time\" content=\"2026-02-04T13:47:20+00:00\" \/>\n<meta property=\"og:image\" content=\"https:\/\/www.ostseeferienparkseepferdchen.de\/wp-content\/uploads\/2026\/01\/78919fe1ad7a34132ab3476eda1863818523080a.png\" \/>\n\t<meta property=\"og:image:width\" content=\"1200\" \/>\n\t<meta property=\"og:image:height\" content=\"338\" \/>\n\t<meta property=\"og:image:type\" content=\"image\/png\" \/>\n<meta name=\"twitter:card\" content=\"summary_large_image\" \/>\n<meta name=\"twitter:label1\" content=\"Gesch\u00e4tzte Lesezeit\" \/>\n\t<meta name=\"twitter:data1\" content=\"1\u00a0Minute\" \/>\n<script type=\"application\/ld+json\" class=\"yoast-schema-graph\">{\"@context\":\"https:\\\/\\\/schema.org\",\"@graph\":[{\"@type\":\"WebPage\",\"@id\":\"https:\\\/\\\/www.ostseeferienparkseepferdchen.de\\\/de\\\/in-der-umgebung\\\/radfahren\\\/\",\"url\":\"https:\\\/\\\/www.ostseeferienparkseepferdchen.de\\\/de\\\/in-der-umgebung\\\/radfahren\\\/\",\"name\":\"Radfahren - Ostseeferienpark Seepferdchen\",\"isPartOf\":{\"@id\":\"https:\\\/\\\/www.ostseeferienparkseepferdchen.de\\\/de\\\/#website\"},\"primaryImageOfPage\":{\"@id\":\"https:\\\/\\\/www.ostseeferienparkseepferdchen.de\\\/de\\\/in-der-umgebung\\\/radfahren\\\/#primaryimage\"},\"image\":{\"@id\":\"https:\\\/\\\/www.ostseeferienparkseepferdchen.de\\\/de\\\/in-der-umgebung\\\/radfahren\\\/#primaryimage\"},\"thumbnailUrl\":\"https:\\\/\\\/www.ostseeferienparkseepferdchen.de\\\/wp-content\\\/uploads\\\/2026\\\/01\\\/78919fe1ad7a34132ab3476eda1863818523080a.png\",\"datePublished\":\"2025-12-19T15:20:24+00:00\",\"dateModified\":\"2026-02-04T13:47:20+00:00\",\"description\":\"Aktiv auf dem Drahtesel - Direkt am Ostseeferienpark Seepferdchen verl\u00e4uft der Ostseek\u00fcsten-Radweg. Entdecken Sie jetzt mehr\",\"breadcrumb\":{\"@id\":\"https:\\\/\\\/www.ostseeferienparkseepferdchen.de\\\/de\\\/in-der-umgebung\\\/radfahren\\\/#breadcrumb\"},\"inLanguage\":\"de\",\"potentialAction\":[{\"@type\":\"ReadAction\",\"target\":[\"https:\\\/\\\/www.ostseeferienparkseepferdchen.de\\\/de\\\/in-der-umgebung\\\/radfahren\\\/\"]}]},{\"@type\":\"ImageObject\",\"inLanguage\":\"de\",\"@id\":\"https:\\\/\\\/www.ostseeferienparkseepferdchen.de\\\/de\\\/in-der-umgebung\\\/radfahren\\\/#primaryimage\",\"url\":\"https:\\\/\\\/www.ostseeferienparkseepferdchen.de\\\/wp-content\\\/uploads\\\/2026\\\/01\\\/78919fe1ad7a34132ab3476eda1863818523080a.png\",\"contentUrl\":\"https:\\\/\\\/www.ostseeferienparkseepferdchen.de\\\/wp-content\\\/uploads\\\/2026\\\/01\\\/78919fe1ad7a34132ab3476eda1863818523080a.png\",\"width\":1200,\"height\":338},{\"@type\":\"BreadcrumbList\",\"@id\":\"https:\\\/\\\/www.ostseeferienparkseepferdchen.de\\\/de\\\/in-der-umgebung\\\/radfahren\\\/#breadcrumb\",\"itemListElement\":[{\"@type\":\"ListItem\",\"position\":1,\"name\":\"Start\",\"item\":\"https:\\\/\\\/www.ostseeferienparkseepferdchen.de\\\/de\\\/\"},{\"@type\":\"ListItem\",\"position\":2,\"name\":\"In der Umgebung\",\"item\":\"https:\\\/\\\/www.ostseeferienparkseepferdchen.de\\\/de\\\/in-der-umgebung\\\/\"},{\"@type\":\"ListItem\",\"position\":3,\"name\":\"Radfahren\"}]},{\"@type\":\"WebSite\",\"@id\":\"https:\\\/\\\/www.ostseeferienparkseepferdchen.de\\\/de\\\/#website\",\"url\":\"https:\\\/\\\/www.ostseeferienparkseepferdchen.de\\\/de\\\/\",\"name\":\"Ostseeferienpark Seepferdchen\",\"description\":\"\",\"publisher\":{\"@id\":\"https:\\\/\\\/www.ostseeferienparkseepferdchen.de\\\/de\\\/#organization\"},\"potentialAction\":[{\"@type\":\"SearchAction\",\"target\":{\"@type\":\"EntryPoint\",\"urlTemplate\":\"https:\\\/\\\/www.ostseeferienparkseepferdchen.de\\\/de\\\/?s={search_term_string}\"},\"query-input\":{\"@type\":\"PropertyValueSpecification\",\"valueRequired\":true,\"valueName\":\"search_term_string\"}}],\"inLanguage\":\"de\"},{\"@type\":\"Organization\",\"@id\":\"https:\\\/\\\/www.ostseeferienparkseepferdchen.de\\\/de\\\/#organization\",\"name\":\"Ostseeferienpark Seepferdchen\",\"url\":\"https:\\\/\\\/www.ostseeferienparkseepferdchen.de\\\/de\\\/\",\"logo\":{\"@type\":\"ImageObject\",\"inLanguage\":\"de\",\"@id\":\"https:\\\/\\\/www.ostseeferienparkseepferdchen.de\\\/de\\\/#\\\/schema\\\/logo\\\/image\\\/\",\"url\":\"https:\\\/\\\/www.ostseeferienparkseepferdchen.de\\\/wp-content\\\/uploads\\\/2025\\\/12\\\/Logo_OFPS-rgb-1.svg\",\"contentUrl\":\"https:\\\/\\\/www.ostseeferienparkseepferdchen.de\\\/wp-content\\\/uploads\\\/2025\\\/12\\\/Logo_OFPS-rgb-1.svg\",\"caption\":\"Ostseeferienpark Seepferdchen\"},\"image\":{\"@id\":\"https:\\\/\\\/www.ostseeferienparkseepferdchen.de\\\/de\\\/#\\\/schema\\\/logo\\\/image\\\/\"}}]}<\/script>\n<!-- \/ Yoast SEO plugin. -->","yoast_head_json":{"title":"Radfahren - Ostseeferienpark Seepferdchen","description":"Aktiv auf dem Drahtesel - Direkt am Ostseeferienpark Seepferdchen verl\u00e4uft der Ostseek\u00fcsten-Radweg. Entdecken Sie jetzt mehr","robots":{"index":"index","follow":"follow","max-snippet":"max-snippet:-1","max-image-preview":"max-image-preview:large","max-video-preview":"max-video-preview:-1"},"canonical":"https:\/\/www.ostseeferienparkseepferdchen.de\/de\/in-der-umgebung\/radfahren\/","og_locale":"de_DE","og_type":"article","og_title":"Radfahren - Ostseeferienpark Seepferdchen","og_description":"Aktiv auf dem Drahtesel - Direkt am Ostseeferienpark Seepferdchen verl\u00e4uft der Ostseek\u00fcsten-Radweg. Entdecken Sie jetzt mehr","og_url":"https:\/\/www.ostseeferienparkseepferdchen.de\/de\/in-der-umgebung\/radfahren\/","og_site_name":"Ostseeferienpark Seepferdchen","article_modified_time":"2026-02-04T13:47:20+00:00","og_image":[{"width":1200,"height":338,"url":"https:\/\/www.ostseeferienparkseepferdchen.de\/wp-content\/uploads\/2026\/01\/78919fe1ad7a34132ab3476eda1863818523080a.png","type":"image\/png"}],"twitter_card":"summary_large_image","twitter_misc":{"Gesch\u00e4tzte Lesezeit":"1\u00a0Minute"},"schema":{"@context":"https:\/\/schema.org","@graph":[{"@type":"WebPage","@id":"https:\/\/www.ostseeferienparkseepferdchen.de\/de\/in-der-umgebung\/radfahren\/","url":"https:\/\/www.ostseeferienparkseepferdchen.de\/de\/in-der-umgebung\/radfahren\/","name":"Radfahren - Ostseeferienpark Seepferdchen","isPartOf":{"@id":"https:\/\/www.ostseeferienparkseepferdchen.de\/de\/#website"},"primaryImageOfPage":{"@id":"https:\/\/www.ostseeferienparkseepferdchen.de\/de\/in-der-umgebung\/radfahren\/#primaryimage"},"image":{"@id":"https:\/\/www.ostseeferienparkseepferdchen.de\/de\/in-der-umgebung\/radfahren\/#primaryimage"},"thumbnailUrl":"https:\/\/www.ostseeferienparkseepferdchen.de\/wp-content\/uploads\/2026\/01\/78919fe1ad7a34132ab3476eda1863818523080a.png","datePublished":"2025-12-19T15:20:24+00:00","dateModified":"2026-02-04T13:47:20+00:00","description":"Aktiv auf dem Drahtesel - Direkt am Ostseeferienpark Seepferdchen verl\u00e4uft der Ostseek\u00fcsten-Radweg. Entdecken Sie jetzt mehr","breadcrumb":{"@id":"https:\/\/www.ostseeferienparkseepferdchen.de\/de\/in-der-umgebung\/radfahren\/#breadcrumb"},"inLanguage":"de","potentialAction":[{"@type":"ReadAction","target":["https:\/\/www.ostseeferienparkseepferdchen.de\/de\/in-der-umgebung\/radfahren\/"]}]},{"@type":"ImageObject","inLanguage":"de","@id":"https:\/\/www.ostseeferienparkseepferdchen.de\/de\/in-der-umgebung\/radfahren\/#primaryimage","url":"https:\/\/www.ostseeferienparkseepferdchen.de\/wp-content\/uploads\/2026\/01\/78919fe1ad7a34132ab3476eda1863818523080a.png","contentUrl":"https:\/\/www.ostseeferienparkseepferdchen.de\/wp-content\/uploads\/2026\/01\/78919fe1ad7a34132ab3476eda1863818523080a.png","width":1200,"height":338},{"@type":"BreadcrumbList","@id":"https:\/\/www.ostseeferienparkseepferdchen.de\/de\/in-der-umgebung\/radfahren\/#breadcrumb","itemListElement":[{"@type":"ListItem","position":1,"name":"Start","item":"https:\/\/www.ostseeferienparkseepferdchen.de\/de\/"},{"@type":"ListItem","position":2,"name":"In der Umgebung","item":"https:\/\/www.ostseeferienparkseepferdchen.de\/de\/in-der-umgebung\/"},{"@type":"ListItem","position":3,"name":"Radfahren"}]},{"@type":"WebSite","@id":"https:\/\/www.ostseeferienparkseepferdchen.de\/de\/#website","url":"https:\/\/www.ostseeferienparkseepferdchen.de\/de\/","name":"Ostseeferienpark Seepferdchen","description":"","publisher":{"@id":"https:\/\/www.ostseeferienparkseepferdchen.de\/de\/#organization"},"potentialAction":[{"@type":"SearchAction","target":{"@type":"EntryPoint","urlTemplate":"https:\/\/www.ostseeferienparkseepferdchen.de\/de\/?s={search_term_string}"},"query-input":{"@type":"PropertyValueSpecification","valueRequired":true,"valueName":"search_term_string"}}],"inLanguage":"de"},{"@type":"Organization","@id":"https:\/\/www.ostseeferienparkseepferdchen.de\/de\/#organization","name":"Ostseeferienpark Seepferdchen","url":"https:\/\/www.ostseeferienparkseepferdchen.de\/de\/","logo":{"@type":"ImageObject","inLanguage":"de","@id":"https:\/\/www.ostseeferienparkseepferdchen.de\/de\/#\/schema\/logo\/image\/","url":"https:\/\/www.ostseeferienparkseepferdchen.de\/wp-content\/uploads\/2025\/12\/Logo_OFPS-rgb-1.svg","contentUrl":"https:\/\/www.ostseeferienparkseepferdchen.de\/wp-content\/uploads\/2025\/12\/Logo_OFPS-rgb-1.svg","caption":"Ostseeferienpark Seepferdchen"},"image":{"@id":"https:\/\/www.ostseeferienparkseepferdchen.de\/de\/#\/schema\/logo\/image\/"}}]}},"_links":{"self":[{"href":"https:\/\/www.ostseeferienparkseepferdchen.de\/de\/wp-json\/wp\/v2\/pages\/1214","targetHints":{"allow":["GET"]}}],"collection":[{"href":"https:\/\/www.ostseeferienparkseepferdchen.de\/de\/wp-json\/wp\/v2\/pages"}],"about":[{"href":"https:\/\/www.ostseeferienparkseepferdchen.de\/de\/wp-json\/wp\/v2\/types\/page"}],"author":[{"embeddable":true,"href":"https:\/\/www.ostseeferienparkseepferdchen.de\/de\/wp-json\/wp\/v2\/users\/1"}],"replies":[{"embeddable":true,"href":"https:\/\/www.ostseeferienparkseepferdchen.de\/de\/wp-json\/wp\/v2\/comments?post=1214"}],"version-history":[{"count":4,"href":"https:\/\/www.ostseeferienparkseepferdchen.de\/de\/wp-json\/wp\/v2\/pages\/1214\/revisions"}],"predecessor-version":[{"id":1845,"href":"https:\/\/www.ostseeferienparkseepferdchen.de\/de\/wp-json\/wp\/v2\/pages\/1214\/revisions\/1845"}],"up":[{"embeddable":true,"href":"https:\/\/www.ostseeferienparkseepferdchen.de\/de\/wp-json\/wp\/v2\/pages\/1210"}],"wp:featuredmedia":[{"embeddable":true,"href":"https:\/\/www.ostseeferienparkseepferdchen.de\/de\/wp-json\/wp\/v2\/media\/1841"}],"wp:attachment":[{"href":"https:\/\/www.ostseeferienparkseepferdchen.de\/de\/wp-json\/wp\/v2\/media?parent=1214"}],"wp:term":[{"taxonomy":"seitenart","embeddable":true,"href":"https:\/\/www.ostseeferienparkseepferdchen.de\/de\/wp-json\/wp\/v2\/seitenart?post=1214"}],"curies":[{"name":"wp","href":"https:\/\/api.w.org\/{rel}","templated":true}]}}