{"id":2655,"date":"2025-12-19T16:20:05","date_gmt":"2025-12-19T15:20:05","guid":{"rendered":"https:\/\/www.ostseeferienparkseepferdchen.de\/in-the-surroundings\/explore-the-area\/"},"modified":"2026-02-10T10:02:08","modified_gmt":"2026-02-10T09:02:08","slug":"explore-the-area","status":"publish","type":"page","link":"https:\/\/www.ostseeferienparkseepferdchen.de\/en\/in-the-surroundings\/explore-the-area\/","title":{"rendered":"Explore the area"},"content":{"rendered":"\t\t<div data-elementor-type=\"wp-page\" data-elementor-id=\"2655\" class=\"elementor elementor-2655 elementor-1212\" data-elementor-post-type=\"page\">\n\t\t\t\t<div class=\"elementor-element elementor-element-d5f374f e-flex e-con-boxed e-con e-parent\" data-id=\"d5f374f\" data-element_type=\"container\" data-e-type=\"container\">\n\t\t\t\t\t<div class=\"e-con-inner\">\n\t\t\t\t<div class=\"elementor-element elementor-element-3fba489 elementor-widget elementor-widget-heading\" data-id=\"3fba489\" data-element_type=\"widget\" data-e-type=\"widget\" data-widget_type=\"heading.default\">\n\t\t\t\t\t<h2 class=\"elementor-heading-title elementor-size-default\">Excursions for the family<\/h2>\t\t\t\t<\/div>\n\t\t\t\t<div class=\"elementor-element elementor-element-e719081 elementor-widget elementor-widget-heading\" data-id=\"e719081\" data-element_type=\"widget\" data-e-type=\"widget\" data-widget_type=\"heading.default\">\n\t\t\t\t\t<h3 class=\"elementor-heading-title elementor-size-default\">Adventure World Baltic Sea<\/h3>\t\t\t\t<\/div>\n\t\t\t\t<div class=\"elementor-element elementor-element-518a351 elementor-widget-mobile__width-inherit elementor-widget-tablet__width-inherit elementor-widget elementor-widget-text-editor\" data-id=\"518a351\" data-element_type=\"widget\" data-e-type=\"widget\" data-widget_type=\"text-editor.default\">\n\t\t\t\t\t\t\t\t\t<p>In the immediate vicinity of the holiday park, there are great excursion destinations that will delight you and your children alike. We have put together a selection to give you an initial overview. And if you fancy a slightly longer trip, the ferry crossing from Rostock to Gedser is the perfect start for exploring southern Denmark.<\/p>\t\t\t\t\t\t\t\t<\/div>\n\t\t\t\t\t<\/div>\n\t\t\t\t<\/div>\n\t\t<div class=\"elementor-element elementor-element-a780a72 e-flex e-con-boxed e-con e-parent\" data-id=\"a780a72\" data-element_type=\"container\" data-e-type=\"container\">\n\t\t\t\t\t<div class=\"e-con-inner\">\n\t\t<div class=\"elementor-element elementor-element-83701c3 e-con-full e-flex e-con e-child\" data-id=\"83701c3\" data-element_type=\"container\" data-e-type=\"container\">\n\t\t\t\t<div class=\"elementor-element elementor-element-3e49263 elementor-widget elementor-widget-image\" data-id=\"3e49263\" data-element_type=\"widget\" data-e-type=\"widget\" data-widget_type=\"image.default\">\n\t\t\t\t\t\t\t\t\t\t\t\t\t\t\t<img fetchpriority=\"high\" decoding=\"async\" width=\"400\" height=\"320\" src=\"https:\/\/www.ostseeferienparkseepferdchen.de\/wp-content\/uploads\/2026\/01\/image-3.png\" class=\"attachment-large size-large wp-image-2658\" alt=\"\" srcset=\"https:\/\/www.ostseeferienparkseepferdchen.de\/wp-content\/uploads\/2026\/01\/image-3.png 400w, https:\/\/www.ostseeferienparkseepferdchen.de\/wp-content\/uploads\/2026\/01\/image-3-300x240.png 300w\" sizes=\"(max-width: 400px) 100vw, 400px\" \/>\t\t\t\t\t\t\t\t\t\t\t\t\t\t\t<\/div>\n\t\t\t\t<\/div>\n\t\t<div class=\"elementor-element elementor-element-e0c0a2b e-con-full e-flex e-con e-child\" data-id=\"e0c0a2b\" data-element_type=\"container\" data-e-type=\"container\">\n\t\t\t\t<div class=\"elementor-element elementor-element-cb2d47c elementor-widget elementor-widget-text-editor\" data-id=\"cb2d47c\" data-element_type=\"widget\" data-e-type=\"widget\" data-widget_type=\"text-editor.default\">\n\t\t\t\t\t\t\t\t\t<p>Elmenhorst high ropes course <br>Mecklenburgische B\u00e4derbahn Molli, Bad Doberan train station<br>Pandino MV children&#8217;s play world in Bargeshagen<br>Bad Doberan summer toboggan run <br>Longest Baltic Sea beach, harbor tour &amp; old lighthouse in Warnem\u00fcnde<br>Climbing wall &amp; boulder hall &#8220;Felshelden&#8221; in Warnem\u00fcnde<br>Ostseewelten 5D in Warnem\u00fcnde<br>IGA-Park Rostock with bathing beach<br>Indoor fun with wellness, bowling, ball sports, fitness &amp; laser tag in the HCC Rostock<br>Rostock Kartcenter<br>Trampoline hall &#8220;Flip &amp; Fly&#8221; in Rostock-Schmarl<\/p>\t\t\t\t\t\t\t\t<\/div>\n\t\t\t\t<div class=\"elementor-element elementor-element-f54ac46 elementor-widget elementor-widget-text-editor\" data-id=\"f54ac46\" data-element_type=\"widget\" data-e-type=\"widget\" data-widget_type=\"text-editor.default\">\n\t\t\t\t\t\t\t\t\t<p>\u2013 5 km<br>\u2013 8 km<br>\u2013 8 km<br>\u2013 9 km<br>\u2013 11 km <br>\u2013 11 km<br>\u2013 11 km<br>\u2013 11 km<br>\u2013 12 km<br>\u2013 12 km<br>\u2013 13 km<\/p>\t\t\t\t\t\t\t\t<\/div>\n\t\t\t\t<\/div>\n\t\t\t\t\t<\/div>\n\t\t\t\t<\/div>\n\t\t<div class=\"elementor-element elementor-element-8a61baf e-flex e-con-boxed e-con e-parent\" data-id=\"8a61baf\" data-element_type=\"container\" data-e-type=\"container\">\n\t\t\t\t\t<div class=\"e-con-inner\">\n\t\t<div class=\"elementor-element elementor-element-e7167c6 e-con-full e-flex e-con e-child\" data-id=\"e7167c6\" data-element_type=\"container\" data-e-type=\"container\">\n\t\t\t\t<div class=\"elementor-element elementor-element-55fe747 elementor-widget elementor-widget-image\" data-id=\"55fe747\" data-element_type=\"widget\" data-e-type=\"widget\" data-widget_type=\"image.default\">\n\t\t\t\t\t\t\t\t\t\t\t\t\t\t\t<img decoding=\"async\" width=\"400\" height=\"320\" src=\"https:\/\/www.ostseeferienparkseepferdchen.de\/wp-content\/uploads\/2026\/01\/image-2.png\" class=\"attachment-large size-large wp-image-2657\" alt=\"\" srcset=\"https:\/\/www.ostseeferienparkseepferdchen.de\/wp-content\/uploads\/2026\/01\/image-2.png 400w, https:\/\/www.ostseeferienparkseepferdchen.de\/wp-content\/uploads\/2026\/01\/image-2-300x240.png 300w\" sizes=\"(max-width: 400px) 100vw, 400px\" \/>\t\t\t\t\t\t\t\t\t\t\t\t\t\t\t<\/div>\n\t\t\t\t<\/div>\n\t\t<div class=\"elementor-element elementor-element-c43b88e e-con-full e-flex e-con e-child\" data-id=\"c43b88e\" data-element_type=\"container\" data-e-type=\"container\">\n\t\t\t\t<div class=\"elementor-element elementor-element-2ecd0b7 elementor-widget elementor-widget-text-editor\" data-id=\"2ecd0b7\" data-element_type=\"widget\" data-e-type=\"widget\" data-widget_type=\"text-editor.default\">\n\t\t\t\t\t\t\t\t\t<p>Rostock Seal Research Center <br>Rostock Zoo <br>Hohe D\u00fcne climbing forest in Rostock<br>Rostock city center<br>Baltic Sea resort K\u00fchlungsborn<br>Bastorf lighthouse <br>Karl&#8217;s adventure village R\u00f6vershagen <br>Baltic Sea resort Rerik<br>Eselhof Schlage<br>Aquadrom Graal-M\u00fcritz<br>Marlow Bird Park <br>Wonnemar adventure pool<br>State capital Schwerin &amp; Schwerin Castle<\/p>\t\t\t\t\t\t\t\t<\/div>\n\t\t\t\t<div class=\"elementor-element elementor-element-149489f elementor-widget elementor-widget-text-editor\" data-id=\"149489f\" data-element_type=\"widget\" data-e-type=\"widget\" data-widget_type=\"text-editor.default\">\n\t\t\t\t\t\t\t\t\t<p>\u2013 14 km<br>\u2013 16 km<br>\u2013 17 km<br>\u2013 19 km<br>\u2013 20 km <br>\u2013 24 km<br>\u2013 27 km<br>\u2013 30 km<br>\u2013 35 km<br>\u2013 35 km<br>\u2013 50 km<br>\u2013 52 km<br>\u2013 85 km<\/p>\t\t\t\t\t\t\t\t<\/div>\n\t\t\t\t<\/div>\n\t\t\t\t\t<\/div>\n\t\t\t\t<\/div>\n\t\t\t\t<\/div>\n\t\t","protected":false},"excerpt":{"rendered":"<p>Excursions for the family Adventure World Baltic Sea In the immediate vicinity of the holiday park, there are great excursion destinations that will delight you and your children alike. We have put together a selection to give you an initial overview. And if you fancy a slightly longer trip, the ferry crossing from Rostock to [&hellip;]<\/p>\n","protected":false},"author":1,"featured_media":2656,"parent":2650,"menu_order":0,"comment_status":"closed","ping_status":"closed","template":"","meta":{"_acf_changed":false,"footnotes":""},"seitenart":[],"class_list":["post-2655","page","type-page","status-publish","has-post-thumbnail","hentry"],"acf":[],"yoast_head":"<!-- This site is optimized with the Yoast SEO plugin v27.3 - https:\/\/yoast.com\/product\/yoast-seo-wordpress\/ -->\n<title>Explore the area - Ostseeferienpark Seepferdchen<\/title>\n<meta name=\"description\" content=\"In the immediate vicinity of the holiday park, there are great excursion destinations that will delight you and your children alike.\" \/>\n<meta name=\"robots\" content=\"index, follow, max-snippet:-1, max-image-preview:large, max-video-preview:-1\" \/>\n<link rel=\"canonical\" href=\"https:\/\/www.ostseeferienparkseepferdchen.de\/en\/in-the-surroundings\/explore-the-area\/\" \/>\n<meta property=\"og:locale\" content=\"en_US\" \/>\n<meta property=\"og:type\" content=\"article\" \/>\n<meta property=\"og:title\" content=\"Explore the area - Ostseeferienpark Seepferdchen\" \/>\n<meta property=\"og:description\" content=\"In the immediate vicinity of the holiday park, there are great excursion destinations that will delight you and your children alike.\" \/>\n<meta property=\"og:url\" content=\"https:\/\/www.ostseeferienparkseepferdchen.de\/en\/in-the-surroundings\/explore-the-area\/\" \/>\n<meta property=\"og:site_name\" content=\"Ostseeferienpark Seepferdchen\" \/>\n<meta property=\"article:modified_time\" content=\"2026-02-10T09:02:08+00:00\" \/>\n<meta property=\"og:image\" content=\"https:\/\/www.ostseeferienparkseepferdchen.de\/wp-content\/uploads\/2026\/01\/valentin-b-kremer-4ph4C_SsKO0-unsplash-1-2.png\" \/>\n\t<meta property=\"og:image:width\" content=\"1200\" \/>\n\t<meta property=\"og:image:height\" content=\"420\" \/>\n\t<meta property=\"og:image:type\" content=\"image\/png\" \/>\n<meta name=\"twitter:card\" content=\"summary_large_image\" \/>\n<meta name=\"twitter:label1\" content=\"Est. reading time\" \/>\n\t<meta name=\"twitter:data1\" content=\"1 minute\" \/>\n<script type=\"application\/ld+json\" class=\"yoast-schema-graph\">{\"@context\":\"https:\\\/\\\/schema.org\",\"@graph\":[{\"@type\":\"WebPage\",\"@id\":\"https:\\\/\\\/www.ostseeferienparkseepferdchen.de\\\/en\\\/in-the-surroundings\\\/explore-the-area\\\/\",\"url\":\"https:\\\/\\\/www.ostseeferienparkseepferdchen.de\\\/en\\\/in-the-surroundings\\\/explore-the-area\\\/\",\"name\":\"Explore the area - Ostseeferienpark Seepferdchen\",\"isPartOf\":{\"@id\":\"https:\\\/\\\/www.ostseeferienparkseepferdchen.de\\\/en\\\/#website\"},\"primaryImageOfPage\":{\"@id\":\"https:\\\/\\\/www.ostseeferienparkseepferdchen.de\\\/en\\\/in-the-surroundings\\\/explore-the-area\\\/#primaryimage\"},\"image\":{\"@id\":\"https:\\\/\\\/www.ostseeferienparkseepferdchen.de\\\/en\\\/in-the-surroundings\\\/explore-the-area\\\/#primaryimage\"},\"thumbnailUrl\":\"https:\\\/\\\/www.ostseeferienparkseepferdchen.de\\\/wp-content\\\/uploads\\\/2026\\\/01\\\/valentin-b-kremer-4ph4C_SsKO0-unsplash-1-2.png\",\"datePublished\":\"2025-12-19T15:20:05+00:00\",\"dateModified\":\"2026-02-10T09:02:08+00:00\",\"description\":\"In the immediate vicinity of the holiday park, there are great excursion destinations that will delight you and your children alike.\",\"breadcrumb\":{\"@id\":\"https:\\\/\\\/www.ostseeferienparkseepferdchen.de\\\/en\\\/in-the-surroundings\\\/explore-the-area\\\/#breadcrumb\"},\"inLanguage\":\"en-US\",\"potentialAction\":[{\"@type\":\"ReadAction\",\"target\":[\"https:\\\/\\\/www.ostseeferienparkseepferdchen.de\\\/en\\\/in-the-surroundings\\\/explore-the-area\\\/\"]}]},{\"@type\":\"ImageObject\",\"inLanguage\":\"en-US\",\"@id\":\"https:\\\/\\\/www.ostseeferienparkseepferdchen.de\\\/en\\\/in-the-surroundings\\\/explore-the-area\\\/#primaryimage\",\"url\":\"https:\\\/\\\/www.ostseeferienparkseepferdchen.de\\\/wp-content\\\/uploads\\\/2026\\\/01\\\/valentin-b-kremer-4ph4C_SsKO0-unsplash-1-2.png\",\"contentUrl\":\"https:\\\/\\\/www.ostseeferienparkseepferdchen.de\\\/wp-content\\\/uploads\\\/2026\\\/01\\\/valentin-b-kremer-4ph4C_SsKO0-unsplash-1-2.png\",\"width\":1200,\"height\":420},{\"@type\":\"BreadcrumbList\",\"@id\":\"https:\\\/\\\/www.ostseeferienparkseepferdchen.de\\\/en\\\/in-the-surroundings\\\/explore-the-area\\\/#breadcrumb\",\"itemListElement\":[{\"@type\":\"ListItem\",\"position\":1,\"name\":\"Start\",\"item\":\"https:\\\/\\\/www.ostseeferienparkseepferdchen.de\\\/en\\\/\"},{\"@type\":\"ListItem\",\"position\":2,\"name\":\"In the Surroundings\",\"item\":\"https:\\\/\\\/www.ostseeferienparkseepferdchen.de\\\/en\\\/in-der-umgebung\\\/\"},{\"@type\":\"ListItem\",\"position\":3,\"name\":\"Explore the area\"}]},{\"@type\":\"WebSite\",\"@id\":\"https:\\\/\\\/www.ostseeferienparkseepferdchen.de\\\/en\\\/#website\",\"url\":\"https:\\\/\\\/www.ostseeferienparkseepferdchen.de\\\/en\\\/\",\"name\":\"Ostseeferienpark Seepferdchen\",\"description\":\"\",\"publisher\":{\"@id\":\"https:\\\/\\\/www.ostseeferienparkseepferdchen.de\\\/en\\\/#organization\"},\"potentialAction\":[{\"@type\":\"SearchAction\",\"target\":{\"@type\":\"EntryPoint\",\"urlTemplate\":\"https:\\\/\\\/www.ostseeferienparkseepferdchen.de\\\/en\\\/?s={search_term_string}\"},\"query-input\":{\"@type\":\"PropertyValueSpecification\",\"valueRequired\":true,\"valueName\":\"search_term_string\"}}],\"inLanguage\":\"en-US\"},{\"@type\":\"Organization\",\"@id\":\"https:\\\/\\\/www.ostseeferienparkseepferdchen.de\\\/en\\\/#organization\",\"name\":\"Ostseeferienpark Seepferdchen\",\"url\":\"https:\\\/\\\/www.ostseeferienparkseepferdchen.de\\\/en\\\/\",\"logo\":{\"@type\":\"ImageObject\",\"inLanguage\":\"en-US\",\"@id\":\"https:\\\/\\\/www.ostseeferienparkseepferdchen.de\\\/en\\\/#\\\/schema\\\/logo\\\/image\\\/\",\"url\":\"https:\\\/\\\/www.ostseeferienparkseepferdchen.de\\\/wp-content\\\/uploads\\\/2025\\\/12\\\/Logo_OFPS-rgb-1.svg\",\"contentUrl\":\"https:\\\/\\\/www.ostseeferienparkseepferdchen.de\\\/wp-content\\\/uploads\\\/2025\\\/12\\\/Logo_OFPS-rgb-1.svg\",\"caption\":\"Ostseeferienpark Seepferdchen\"},\"image\":{\"@id\":\"https:\\\/\\\/www.ostseeferienparkseepferdchen.de\\\/en\\\/#\\\/schema\\\/logo\\\/image\\\/\"}}]}<\/script>\n<!-- \/ Yoast SEO plugin. -->","yoast_head_json":{"title":"Explore the area - Ostseeferienpark Seepferdchen","description":"In the immediate vicinity of the holiday park, there are great excursion destinations that will delight you and your children alike.","robots":{"index":"index","follow":"follow","max-snippet":"max-snippet:-1","max-image-preview":"max-image-preview:large","max-video-preview":"max-video-preview:-1"},"canonical":"https:\/\/www.ostseeferienparkseepferdchen.de\/en\/in-the-surroundings\/explore-the-area\/","og_locale":"en_US","og_type":"article","og_title":"Explore the area - Ostseeferienpark Seepferdchen","og_description":"In the immediate vicinity of the holiday park, there are great excursion destinations that will delight you and your children alike.","og_url":"https:\/\/www.ostseeferienparkseepferdchen.de\/en\/in-the-surroundings\/explore-the-area\/","og_site_name":"Ostseeferienpark Seepferdchen","article_modified_time":"2026-02-10T09:02:08+00:00","og_image":[{"width":1200,"height":420,"url":"https:\/\/www.ostseeferienparkseepferdchen.de\/wp-content\/uploads\/2026\/01\/valentin-b-kremer-4ph4C_SsKO0-unsplash-1-2.png","type":"image\/png"}],"twitter_card":"summary_large_image","twitter_misc":{"Est. reading time":"1 minute"},"schema":{"@context":"https:\/\/schema.org","@graph":[{"@type":"WebPage","@id":"https:\/\/www.ostseeferienparkseepferdchen.de\/en\/in-the-surroundings\/explore-the-area\/","url":"https:\/\/www.ostseeferienparkseepferdchen.de\/en\/in-the-surroundings\/explore-the-area\/","name":"Explore the area - Ostseeferienpark Seepferdchen","isPartOf":{"@id":"https:\/\/www.ostseeferienparkseepferdchen.de\/en\/#website"},"primaryImageOfPage":{"@id":"https:\/\/www.ostseeferienparkseepferdchen.de\/en\/in-the-surroundings\/explore-the-area\/#primaryimage"},"image":{"@id":"https:\/\/www.ostseeferienparkseepferdchen.de\/en\/in-the-surroundings\/explore-the-area\/#primaryimage"},"thumbnailUrl":"https:\/\/www.ostseeferienparkseepferdchen.de\/wp-content\/uploads\/2026\/01\/valentin-b-kremer-4ph4C_SsKO0-unsplash-1-2.png","datePublished":"2025-12-19T15:20:05+00:00","dateModified":"2026-02-10T09:02:08+00:00","description":"In the immediate vicinity of the holiday park, there are great excursion destinations that will delight you and your children alike.","breadcrumb":{"@id":"https:\/\/www.ostseeferienparkseepferdchen.de\/en\/in-the-surroundings\/explore-the-area\/#breadcrumb"},"inLanguage":"en-US","potentialAction":[{"@type":"ReadAction","target":["https:\/\/www.ostseeferienparkseepferdchen.de\/en\/in-the-surroundings\/explore-the-area\/"]}]},{"@type":"ImageObject","inLanguage":"en-US","@id":"https:\/\/www.ostseeferienparkseepferdchen.de\/en\/in-the-surroundings\/explore-the-area\/#primaryimage","url":"https:\/\/www.ostseeferienparkseepferdchen.de\/wp-content\/uploads\/2026\/01\/valentin-b-kremer-4ph4C_SsKO0-unsplash-1-2.png","contentUrl":"https:\/\/www.ostseeferienparkseepferdchen.de\/wp-content\/uploads\/2026\/01\/valentin-b-kremer-4ph4C_SsKO0-unsplash-1-2.png","width":1200,"height":420},{"@type":"BreadcrumbList","@id":"https:\/\/www.ostseeferienparkseepferdchen.de\/en\/in-the-surroundings\/explore-the-area\/#breadcrumb","itemListElement":[{"@type":"ListItem","position":1,"name":"Start","item":"https:\/\/www.ostseeferienparkseepferdchen.de\/en\/"},{"@type":"ListItem","position":2,"name":"In the Surroundings","item":"https:\/\/www.ostseeferienparkseepferdchen.de\/en\/in-der-umgebung\/"},{"@type":"ListItem","position":3,"name":"Explore the area"}]},{"@type":"WebSite","@id":"https:\/\/www.ostseeferienparkseepferdchen.de\/en\/#website","url":"https:\/\/www.ostseeferienparkseepferdchen.de\/en\/","name":"Ostseeferienpark Seepferdchen","description":"","publisher":{"@id":"https:\/\/www.ostseeferienparkseepferdchen.de\/en\/#organization"},"potentialAction":[{"@type":"SearchAction","target":{"@type":"EntryPoint","urlTemplate":"https:\/\/www.ostseeferienparkseepferdchen.de\/en\/?s={search_term_string}"},"query-input":{"@type":"PropertyValueSpecification","valueRequired":true,"valueName":"search_term_string"}}],"inLanguage":"en-US"},{"@type":"Organization","@id":"https:\/\/www.ostseeferienparkseepferdchen.de\/en\/#organization","name":"Ostseeferienpark Seepferdchen","url":"https:\/\/www.ostseeferienparkseepferdchen.de\/en\/","logo":{"@type":"ImageObject","inLanguage":"en-US","@id":"https:\/\/www.ostseeferienparkseepferdchen.de\/en\/#\/schema\/logo\/image\/","url":"https:\/\/www.ostseeferienparkseepferdchen.de\/wp-content\/uploads\/2025\/12\/Logo_OFPS-rgb-1.svg","contentUrl":"https:\/\/www.ostseeferienparkseepferdchen.de\/wp-content\/uploads\/2025\/12\/Logo_OFPS-rgb-1.svg","caption":"Ostseeferienpark Seepferdchen"},"image":{"@id":"https:\/\/www.ostseeferienparkseepferdchen.de\/en\/#\/schema\/logo\/image\/"}}]}},"_links":{"self":[{"href":"https:\/\/www.ostseeferienparkseepferdchen.de\/en\/wp-json\/wp\/v2\/pages\/2655","targetHints":{"allow":["GET"]}}],"collection":[{"href":"https:\/\/www.ostseeferienparkseepferdchen.de\/en\/wp-json\/wp\/v2\/pages"}],"about":[{"href":"https:\/\/www.ostseeferienparkseepferdchen.de\/en\/wp-json\/wp\/v2\/types\/page"}],"author":[{"embeddable":true,"href":"https:\/\/www.ostseeferienparkseepferdchen.de\/en\/wp-json\/wp\/v2\/users\/1"}],"replies":[{"embeddable":true,"href":"https:\/\/www.ostseeferienparkseepferdchen.de\/en\/wp-json\/wp\/v2\/comments?post=2655"}],"version-history":[{"count":1,"href":"https:\/\/www.ostseeferienparkseepferdchen.de\/en\/wp-json\/wp\/v2\/pages\/2655\/revisions"}],"predecessor-version":[{"id":2659,"href":"https:\/\/www.ostseeferienparkseepferdchen.de\/en\/wp-json\/wp\/v2\/pages\/2655\/revisions\/2659"}],"up":[{"embeddable":true,"href":"https:\/\/www.ostseeferienparkseepferdchen.de\/en\/wp-json\/wp\/v2\/pages\/2650"}],"wp:featuredmedia":[{"embeddable":true,"href":"https:\/\/www.ostseeferienparkseepferdchen.de\/en\/wp-json\/wp\/v2\/media\/2656"}],"wp:attachment":[{"href":"https:\/\/www.ostseeferienparkseepferdchen.de\/en\/wp-json\/wp\/v2\/media?parent=2655"}],"wp:term":[{"taxonomy":"seitenart","embeddable":true,"href":"https:\/\/www.ostseeferienparkseepferdchen.de\/en\/wp-json\/wp\/v2\/seitenart?post=2655"}],"curies":[{"name":"wp","href":"https:\/\/api.w.org\/{rel}","templated":true}]}}